{"id":236,"date":"2024-08-17T14:02:39","date_gmt":"2024-08-17T12:02:39","guid":{"rendered":"http:\/\/instalacje-elnet.pl\/?page_id=236"},"modified":"2024-08-30T10:02:03","modified_gmt":"2024-08-30T08:02:03","slug":"instalacje-fotowoltaiczne","status":"publish","type":"page","link":"https:\/\/instalacje-elnet.pl\/index.php\/oferta\/instalacje-fotowoltaiczne\/","title":{"rendered":"Instalacje fotowoltaiczne"},"content":{"rendered":"\n<style type=\"text\/css\" data-created_by=\"avia_inline_auto\" id=\"style-css-av-wbo5o-8da3881b741853aac0de48505d6ccd84\">\n.avia-section.av-wbo5o-8da3881b741853aac0de48505d6ccd84{\nbackground-color:#002259;\nbackground-image:unset;\n}\n.avia-section.av-wbo5o-8da3881b741853aac0de48505d6ccd84 .av-section-color-overlay{\nopacity:0.5;\nbackground-image:url(http:\/\/instalacje-elnet.pl\/wp-content\/uploads\/2024\/08\/EL-NET-bcg-cables-80.png);\nbackground-repeat:repeat;\n}\n.avia-section.av-wbo5o-8da3881b741853aac0de48505d6ccd84 .av-extra-border-element .av-extra-border-inner{\nbackground-color:#ffffff;\n}\n<\/style>\n<div id='services'  class='avia-section av-wbo5o-8da3881b741853aac0de48505d6ccd84 main_color avia-section-huge avia-no-border-styling  avia-builder-el-0  el_before_av_layout_row  avia-builder-el-first  avia-bg-style-fixed av-section-color-overlay-active av-minimum-height av-minimum-height-50 av-height-50  container_wrap sidebar_right'   data-av_minimum_height_pc='50' data-av_min_height_opt='50'><div class=\"av-section-color-overlay-wrap\"><div class=\"av-section-color-overlay\"><\/div><div class='container av-section-cont-open' ><main  role=\"main\" itemprop=\"mainContentOfPage\"  class='template-page content  av-content-small alpha units'><div class='post-entry post-entry-type-page post-entry-236'><div class='entry-content-wrapper clearfix'>\n\n<style type=\"text\/css\" data-created_by=\"avia_inline_auto\" id=\"style-css-av-lzy3apza-008334b5c75630441eafa01596b42bf2\">\n#top .av-special-heading.av-lzy3apza-008334b5c75630441eafa01596b42bf2{\nmargin:0 0 0.7em 0;\npadding-bottom:20px;\ncolor:#ffffff;\nfont-size:40px;\n}\nbody .av-special-heading.av-lzy3apza-008334b5c75630441eafa01596b42bf2 .av-special-heading-tag .heading-char{\nfont-size:25px;\n}\n#top #wrap_all .av-special-heading.av-lzy3apza-008334b5c75630441eafa01596b42bf2 .av-special-heading-tag{\nfont-size:40px;\n}\n.av-special-heading.av-lzy3apza-008334b5c75630441eafa01596b42bf2 .special-heading-inner-border{\nborder-color:#ffffff;\n}\n.av-special-heading.av-lzy3apza-008334b5c75630441eafa01596b42bf2 .av-subheading{\nfont-size:23px;\n}\n\n@media only screen and (min-width: 480px) and (max-width: 767px){ \n#top #wrap_all .av-special-heading.av-lzy3apza-008334b5c75630441eafa01596b42bf2 .av-special-heading-tag{\nfont-size:0.8em;\n}\n}\n\n@media only screen and (max-width: 479px){ \n#top #wrap_all .av-special-heading.av-lzy3apza-008334b5c75630441eafa01596b42bf2 .av-special-heading-tag{\nfont-size:0.8em;\n}\n}\n<\/style>\n<div  class='av-special-heading av-lzy3apza-008334b5c75630441eafa01596b42bf2 av-special-heading-h1 custom-color-heading blockquote modern-quote modern-centered  avia-builder-el-1  avia-builder-el-no-sibling  av-thin-font av-inherit-size av-linked-heading'><h1 class='av-special-heading-tag '  itemprop=\"headline\"  >INSTALACJE <strong>FOTOWOLTAICZNE<\/strong> TORU\u0143<\/h1><div class=\"special-heading-border\"><div class=\"special-heading-inner-border\"><\/div><\/div><\/div>\n<\/div><\/div><\/main><!-- close content main element --><\/div><div class='av-extra-border-element border-extra-diagonal border-extra-diagonal-inverse '><div class='av-extra-border-outer'><div class='av-extra-border-inner'><\/div><\/div><\/div><\/div><\/div><div id='av-layout-grid-1'  class='av-layout-grid-container av-qbyq4-f7e3b66c43e98d797d8feccd7d483a2d entry-content-wrapper main_color av-flex-cells  avia-builder-el-2  el_after_av_section  el_before_av_button_big  grid-row-not-first  container_wrap sidebar_right'  >\n\n<style type=\"text\/css\" data-created_by=\"avia_inline_auto\" id=\"style-css-av-20u3g-6ebe1ea0a89e0559a9d22ee23f2f90d1\">\n.flex_cell.av-20u3g-6ebe1ea0a89e0559a9d22ee23f2f90d1{\nvertical-align:top;\nbackground-color:#ffffff;\n}\n.responsive #top #wrap_all .flex_cell.av-20u3g-6ebe1ea0a89e0559a9d22ee23f2f90d1{\npadding:0px 0px 0px 0px !important;\n}\n<\/style>\n<div class='flex_cell av-20u3g-6ebe1ea0a89e0559a9d22ee23f2f90d1 av-gridrow-cell av_two_fifth no_margin  avia-builder-el-3  el_before_av_cell_three_fifth  avia-builder-el-first  av-zero-padding avia-full-stretch'  ><div class='flex_cell_inner'>\n<style type=\"text\/css\" data-created_by=\"avia_inline_auto\" id=\"style-css-av-lzy3ckgc-1a5a2b419b25cb1d5afbab7913402775\">\n.avia-image-container.av-lzy3ckgc-1a5a2b419b25cb1d5afbab7913402775 img.avia_image{\nbox-shadow:none;\n}\n.avia-image-container.av-lzy3ckgc-1a5a2b419b25cb1d5afbab7913402775 .av-image-caption-overlay-center{\ncolor:#ffffff;\n}\n<\/style>\n<div  class='avia-image-container av-lzy3ckgc-1a5a2b419b25cb1d5afbab7913402775 av-styling- avia-align-center  avia-builder-el-4  avia-builder-el-no-sibling '   itemprop=\"image\" itemscope=\"itemscope\" itemtype=\"https:\/\/schema.org\/ImageObject\" ><div class=\"avia-image-container-inner\"><div class=\"avia-image-overlay-wrap\"><img decoding=\"async\" fetchpriority=\"high\" class='wp-image-237 avia-img-lazy-loading-not-237 avia_image ' src=\"https:\/\/instalacje-elnet.pl\/wp-content\/uploads\/2024\/08\/Fotowoltaika-sidebar.jpg\" alt='' title='A male electrician works in a switchboard with an electrical connecting cable.'  height=\"665\" width=\"732\"  itemprop=\"thumbnailUrl\" srcset=\"https:\/\/instalacje-elnet.pl\/wp-content\/uploads\/2024\/08\/Fotowoltaika-sidebar.jpg 732w, https:\/\/instalacje-elnet.pl\/wp-content\/uploads\/2024\/08\/Fotowoltaika-sidebar-300x273.jpg 300w, https:\/\/instalacje-elnet.pl\/wp-content\/uploads\/2024\/08\/Fotowoltaika-sidebar-705x640.jpg 705w\" sizes=\"(max-width: 732px) 100vw, 732px\" \/><\/div><\/div><\/div>\n<\/div><\/div>\n<style type=\"text\/css\" data-created_by=\"avia_inline_auto\" id=\"style-css-av-f1clw-7972a0994b50de22b7fea30cfbb8e2ff\">\n.flex_cell.av-f1clw-7972a0994b50de22b7fea30cfbb8e2ff{\nvertical-align:top;\n}\n.responsive #top #wrap_all .flex_cell.av-f1clw-7972a0994b50de22b7fea30cfbb8e2ff{\npadding:50px 100px 50px 100px !important;\n}\n<\/style>\n<div class='flex_cell av-f1clw-7972a0994b50de22b7fea30cfbb8e2ff av-gridrow-cell av_three_fifth no_margin  avia-builder-el-5  el_after_av_cell_two_fifth  avia-builder-el-last '  ><div class='flex_cell_inner'>\n<style type=\"text\/css\" data-created_by=\"avia_inline_auto\" id=\"style-css-av-lzy3drbr-5eb37d2b835f184adeeb8fa53360b7fa\">\n#top .av_textblock_section.av-lzy3drbr-5eb37d2b835f184adeeb8fa53360b7fa .avia_textblock{\nfont-size:20px;\n}\n<\/style>\n<section  class='av_textblock_section av-lzy3drbr-5eb37d2b835f184adeeb8fa53360b7fa '   itemscope=\"itemscope\" itemtype=\"https:\/\/schema.org\/CreativeWork\" ><div class='avia_textblock'  itemprop=\"text\" ><p><strong>EKSPERCI OD FOTOWOLTAIKI<\/strong><\/p>\n<p style=\"text-align: justify;\">EL-NET to ekspert w dziedzinie instalacji fotowoltaicznych, oferuj\u0105cy nowoczesne rozwi\u0105zania dla Twojego domu i firmy. Nasza firma specjalizuje si\u0119 w projektowaniu i monta\u017cu system\u00f3w PV, kt\u00f3re pozwalaj\u0105 na efektywne wykorzystanie energii s\u0142onecznej i obni\u017cenie koszt\u00f3w energii elektrycznej. Dzi\u0119ki indywidualnemu podej\u015bciu do ka\u017cdego projektu, dobieramy optymalne rozwi\u0105zania, kt\u00f3re maksymalizuj\u0105 wydajno\u015b\u0107 paneli s\u0142onecznych.<\/p>\n<p style=\"text-align: justify;\">Korzystamy z najwy\u017cszej jako\u015bci komponent\u00f3w i technologii, zapewniaj\u0105c d\u0142ugotrwa\u0142\u0105 niezawodno\u015b\u0107 i wysok\u0105 efektywno\u015b\u0107 systemu. EL-NET to gwarancja profesjonalizmu, terminowo\u015bci i satysfakcji. Zainwestuj w przysz\u0142o\u015b\u0107 z nami i ciesz si\u0119 korzy\u015bciami p\u0142yn\u0105cymi z energii odnawialnej.<\/p>\n<\/div><\/section>\n<\/div><\/div>\n<\/div><\/p>\n<div  class='avia-button-wrap avia-button-center  avia-builder-el-7  el_after_av_layout_row  avia-builder-el-last '>\n<style type=\"text\/css\" data-created_by=\"avia_inline_auto\" id=\"style-css-av-7w64c-421535657d4a3fc3b46089f6936912ec\">\n#top #wrap_all .avia-button.av-7w64c-421535657d4a3fc3b46089f6936912ec:hover{\nbackground-color:#2268aa;\ncolor:white;\ntransition:all 0.4s ease-in-out;\n}\n<\/style>\n<a href='' class='avia-color-theme-color avia-font-color-theme-color avia-button avia-button-fullwidth av-7w64c-421535657d4a3fc3b46089f6936912ec avia-icon_select-yes-left-icon avia-color-theme-color'   aria-label=\"ZOBACZ WSZYSTKIE US\u0141UGI\"><span class='avia_button_icon avia_button_icon_left' aria-hidden='true' data-av_icon='\ue875' data-av_iconfont='entypo-fontello'><\/span><span class='avia_iconbox_title' >ZOBACZ WSZYSTKIE US\u0141UGI<\/span><\/a><\/div>\n","protected":false},"excerpt":{"rendered":"","protected":false},"author":1,"featured_media":0,"parent":229,"menu_order":0,"comment_status":"closed","ping_status":"closed","template":"","meta":{"footnotes":""},"class_list":["post-236","page","type-page","status-publish","hentry"],"yoast_head":"<!-- This site is optimized with the Yoast SEO plugin v23.6 - https:\/\/yoast.com\/wordpress\/plugins\/seo\/ -->\n<title>Instalacje fotowoltaiczne - ELNET - projekty, realizacje, odbiory<\/title>\n<meta name=\"description\" content=\"EL-NET to ekspert w dziedzinie instalacji fotowoltaicznych, oferuj\u0105cy nowoczesne rozwi\u0105zania dla Twojego domu i firmy.\" \/>\n<meta name=\"robots\" content=\"index, follow, max-snippet:-1, max-image-preview:large, max-video-preview:-1\" \/>\n<link rel=\"canonical\" href=\"https:\/\/instalacje-elnet.pl\/index.php\/oferta\/instalacje-fotowoltaiczne\/\" \/>\n<meta property=\"og:locale\" content=\"pl_PL\" \/>\n<meta property=\"og:type\" content=\"article\" \/>\n<meta property=\"og:title\" content=\"Instalacje fotowoltaiczne - ELNET - projekty, realizacje, odbiory\" \/>\n<meta property=\"og:description\" content=\"EL-NET to ekspert w dziedzinie instalacji fotowoltaicznych, oferuj\u0105cy nowoczesne rozwi\u0105zania dla Twojego domu i firmy.\" \/>\n<meta property=\"og:url\" content=\"https:\/\/instalacje-elnet.pl\/index.php\/oferta\/instalacje-fotowoltaiczne\/\" \/>\n<meta property=\"og:site_name\" content=\"EL-NET\" \/>\n<meta property=\"article:modified_time\" content=\"2024-08-30T08:02:03+00:00\" \/>\n<meta name=\"twitter:card\" content=\"summary_large_image\" \/>\n<meta name=\"twitter:label1\" content=\"Szacowany czas czytania\" \/>\n\t<meta name=\"twitter:data1\" content=\"1 minuta\" \/>\n<script type=\"application\/ld+json\" class=\"yoast-schema-graph\">{\"@context\":\"https:\/\/schema.org\",\"@graph\":[{\"@type\":\"WebPage\",\"@id\":\"https:\/\/instalacje-elnet.pl\/index.php\/oferta\/instalacje-fotowoltaiczne\/\",\"url\":\"https:\/\/instalacje-elnet.pl\/index.php\/oferta\/instalacje-fotowoltaiczne\/\",\"name\":\"Instalacje fotowoltaiczne - ELNET - projekty, realizacje, odbiory\",\"isPartOf\":{\"@id\":\"https:\/\/instalacje-elnet.pl\/#website\"},\"datePublished\":\"2024-08-17T12:02:39+00:00\",\"dateModified\":\"2024-08-30T08:02:03+00:00\",\"description\":\"EL-NET to ekspert w dziedzinie instalacji fotowoltaicznych, oferuj\u0105cy nowoczesne rozwi\u0105zania dla Twojego domu i firmy.\",\"breadcrumb\":{\"@id\":\"https:\/\/instalacje-elnet.pl\/index.php\/oferta\/instalacje-fotowoltaiczne\/#breadcrumb\"},\"inLanguage\":\"pl-PL\",\"potentialAction\":[{\"@type\":\"ReadAction\",\"target\":[\"https:\/\/instalacje-elnet.pl\/index.php\/oferta\/instalacje-fotowoltaiczne\/\"]}]},{\"@type\":\"BreadcrumbList\",\"@id\":\"https:\/\/instalacje-elnet.pl\/index.php\/oferta\/instalacje-fotowoltaiczne\/#breadcrumb\",\"itemListElement\":[{\"@type\":\"ListItem\",\"position\":1,\"name\":\"Strona g\u0142\u00f3wna\",\"item\":\"https:\/\/instalacje-elnet.pl\/index.php\/instalacje-elektryczne\/\"},{\"@type\":\"ListItem\",\"position\":2,\"name\":\"Oferta\",\"item\":\"https:\/\/instalacje-elnet.pl\/index.php\/oferta\/\"},{\"@type\":\"ListItem\",\"position\":3,\"name\":\"Instalacje fotowoltaiczne\"}]},{\"@type\":\"WebSite\",\"@id\":\"https:\/\/instalacje-elnet.pl\/#website\",\"url\":\"https:\/\/instalacje-elnet.pl\/\",\"name\":\"EL-NET\",\"description\":\"Kolejna witryna oparta na WordPressie\",\"publisher\":{\"@id\":\"https:\/\/instalacje-elnet.pl\/#organization\"},\"potentialAction\":[{\"@type\":\"SearchAction\",\"target\":{\"@type\":\"EntryPoint\",\"urlTemplate\":\"https:\/\/instalacje-elnet.pl\/?s={search_term_string}\"},\"query-input\":{\"@type\":\"PropertyValueSpecification\",\"valueRequired\":true,\"valueName\":\"search_term_string\"}}],\"inLanguage\":\"pl-PL\"},{\"@type\":\"Organization\",\"@id\":\"https:\/\/instalacje-elnet.pl\/#organization\",\"name\":\"EL-NET\",\"url\":\"https:\/\/instalacje-elnet.pl\/\",\"logo\":{\"@type\":\"ImageObject\",\"inLanguage\":\"pl-PL\",\"@id\":\"https:\/\/instalacje-elnet.pl\/#\/schema\/logo\/image\/\",\"url\":\"http:\/\/instalacje-elnet.pl\/wp-content\/uploads\/2024\/07\/EL-NET-blue.png\",\"contentUrl\":\"http:\/\/instalacje-elnet.pl\/wp-content\/uploads\/2024\/07\/EL-NET-blue.png\",\"width\":340,\"height\":156,\"caption\":\"EL-NET\"},\"image\":{\"@id\":\"https:\/\/instalacje-elnet.pl\/#\/schema\/logo\/image\/\"}}]}<\/script>\n<!-- \/ Yoast SEO plugin. -->","yoast_head_json":{"title":"Instalacje fotowoltaiczne - ELNET - projekty, realizacje, odbiory","description":"EL-NET to ekspert w dziedzinie instalacji fotowoltaicznych, oferuj\u0105cy nowoczesne rozwi\u0105zania dla Twojego domu i firmy.","robots":{"index":"index","follow":"follow","max-snippet":"max-snippet:-1","max-image-preview":"max-image-preview:large","max-video-preview":"max-video-preview:-1"},"canonical":"https:\/\/instalacje-elnet.pl\/index.php\/oferta\/instalacje-fotowoltaiczne\/","og_locale":"pl_PL","og_type":"article","og_title":"Instalacje fotowoltaiczne - ELNET - projekty, realizacje, odbiory","og_description":"EL-NET to ekspert w dziedzinie instalacji fotowoltaicznych, oferuj\u0105cy nowoczesne rozwi\u0105zania dla Twojego domu i firmy.","og_url":"https:\/\/instalacje-elnet.pl\/index.php\/oferta\/instalacje-fotowoltaiczne\/","og_site_name":"EL-NET","article_modified_time":"2024-08-30T08:02:03+00:00","twitter_card":"summary_large_image","twitter_misc":{"Szacowany czas czytania":"1 minuta"},"schema":{"@context":"https:\/\/schema.org","@graph":[{"@type":"WebPage","@id":"https:\/\/instalacje-elnet.pl\/index.php\/oferta\/instalacje-fotowoltaiczne\/","url":"https:\/\/instalacje-elnet.pl\/index.php\/oferta\/instalacje-fotowoltaiczne\/","name":"Instalacje fotowoltaiczne - ELNET - projekty, realizacje, odbiory","isPartOf":{"@id":"https:\/\/instalacje-elnet.pl\/#website"},"datePublished":"2024-08-17T12:02:39+00:00","dateModified":"2024-08-30T08:02:03+00:00","description":"EL-NET to ekspert w dziedzinie instalacji fotowoltaicznych, oferuj\u0105cy nowoczesne rozwi\u0105zania dla Twojego domu i firmy.","breadcrumb":{"@id":"https:\/\/instalacje-elnet.pl\/index.php\/oferta\/instalacje-fotowoltaiczne\/#breadcrumb"},"inLanguage":"pl-PL","potentialAction":[{"@type":"ReadAction","target":["https:\/\/instalacje-elnet.pl\/index.php\/oferta\/instalacje-fotowoltaiczne\/"]}]},{"@type":"BreadcrumbList","@id":"https:\/\/instalacje-elnet.pl\/index.php\/oferta\/instalacje-fotowoltaiczne\/#breadcrumb","itemListElement":[{"@type":"ListItem","position":1,"name":"Strona g\u0142\u00f3wna","item":"https:\/\/instalacje-elnet.pl\/index.php\/instalacje-elektryczne\/"},{"@type":"ListItem","position":2,"name":"Oferta","item":"https:\/\/instalacje-elnet.pl\/index.php\/oferta\/"},{"@type":"ListItem","position":3,"name":"Instalacje fotowoltaiczne"}]},{"@type":"WebSite","@id":"https:\/\/instalacje-elnet.pl\/#website","url":"https:\/\/instalacje-elnet.pl\/","name":"EL-NET","description":"Kolejna witryna oparta na WordPressie","publisher":{"@id":"https:\/\/instalacje-elnet.pl\/#organization"},"potentialAction":[{"@type":"SearchAction","target":{"@type":"EntryPoint","urlTemplate":"https:\/\/instalacje-elnet.pl\/?s={search_term_string}"},"query-input":{"@type":"PropertyValueSpecification","valueRequired":true,"valueName":"search_term_string"}}],"inLanguage":"pl-PL"},{"@type":"Organization","@id":"https:\/\/instalacje-elnet.pl\/#organization","name":"EL-NET","url":"https:\/\/instalacje-elnet.pl\/","logo":{"@type":"ImageObject","inLanguage":"pl-PL","@id":"https:\/\/instalacje-elnet.pl\/#\/schema\/logo\/image\/","url":"http:\/\/instalacje-elnet.pl\/wp-content\/uploads\/2024\/07\/EL-NET-blue.png","contentUrl":"http:\/\/instalacje-elnet.pl\/wp-content\/uploads\/2024\/07\/EL-NET-blue.png","width":340,"height":156,"caption":"EL-NET"},"image":{"@id":"https:\/\/instalacje-elnet.pl\/#\/schema\/logo\/image\/"}}]}},"_links":{"self":[{"href":"https:\/\/instalacje-elnet.pl\/index.php\/wp-json\/wp\/v2\/pages\/236","targetHints":{"allow":["GET"]}}],"collection":[{"href":"https:\/\/instalacje-elnet.pl\/index.php\/wp-json\/wp\/v2\/pages"}],"about":[{"href":"https:\/\/instalacje-elnet.pl\/index.php\/wp-json\/wp\/v2\/types\/page"}],"author":[{"embeddable":true,"href":"https:\/\/instalacje-elnet.pl\/index.php\/wp-json\/wp\/v2\/users\/1"}],"replies":[{"embeddable":true,"href":"https:\/\/instalacje-elnet.pl\/index.php\/wp-json\/wp\/v2\/comments?post=236"}],"version-history":[{"count":4,"href":"https:\/\/instalacje-elnet.pl\/index.php\/wp-json\/wp\/v2\/pages\/236\/revisions"}],"predecessor-version":[{"id":337,"href":"https:\/\/instalacje-elnet.pl\/index.php\/wp-json\/wp\/v2\/pages\/236\/revisions\/337"}],"up":[{"embeddable":true,"href":"https:\/\/instalacje-elnet.pl\/index.php\/wp-json\/wp\/v2\/pages\/229"}],"wp:attachment":[{"href":"https:\/\/instalacje-elnet.pl\/index.php\/wp-json\/wp\/v2\/media?parent=236"}],"curies":[{"name":"wp","href":"https:\/\/api.w.org\/{rel}","templated":true}]}}