{"id":251,"date":"2024-08-20T08:06:06","date_gmt":"2024-08-20T06:06:06","guid":{"rendered":"http:\/\/instalacje-elnet.pl\/?page_id=251"},"modified":"2024-08-30T10:03:32","modified_gmt":"2024-08-30T08:03:32","slug":"videodomofony","status":"publish","type":"page","link":"https:\/\/instalacje-elnet.pl\/index.php\/oferta\/videodomofony\/","title":{"rendered":"Videodomofony"},"content":{"rendered":"\n<style type=\"text\/css\" data-created_by=\"avia_inline_auto\" id=\"style-css-av-yecfv-f3d603f229a05c6a230083db7c818fe3\">\n.avia-section.av-yecfv-f3d603f229a05c6a230083db7c818fe3{\nbackground-color:#002259;\nbackground-image:unset;\n}\n.avia-section.av-yecfv-f3d603f229a05c6a230083db7c818fe3 .av-section-color-overlay{\nopacity:0.5;\nbackground-image:url(http:\/\/instalacje-elnet.pl\/wp-content\/uploads\/2024\/08\/EL-NET-bcg-cables-80.png);\nbackground-repeat:repeat;\n}\n.avia-section.av-yecfv-f3d603f229a05c6a230083db7c818fe3 .av-extra-border-element .av-extra-border-inner{\nbackground-color:#ffffff;\n}\n<\/style>\n<div id='services'  class='avia-section av-yecfv-f3d603f229a05c6a230083db7c818fe3 main_color avia-section-huge avia-no-border-styling  avia-builder-el-0  el_before_av_layout_row  avia-builder-el-first  avia-bg-style-fixed av-section-color-overlay-active av-minimum-height av-minimum-height-50 av-height-50  container_wrap sidebar_right'   data-av_minimum_height_pc='50' data-av_min_height_opt='50'><div class=\"av-section-color-overlay-wrap\"><div class=\"av-section-color-overlay\"><\/div><div class='container av-section-cont-open' ><main  role=\"main\" itemprop=\"mainContentOfPage\"  class='template-page content  av-content-small alpha units'><div class='post-entry post-entry-type-page post-entry-251'><div class='entry-content-wrapper clearfix'>\n\n<style type=\"text\/css\" data-created_by=\"avia_inline_auto\" id=\"style-css-av-m020ryqk-fe8410da2c0b82c3cd19d98631f00daa\">\n#top .av-special-heading.av-m020ryqk-fe8410da2c0b82c3cd19d98631f00daa{\nmargin:0 0 0.7em 0;\npadding-bottom:20px;\ncolor:#ffffff;\nfont-size:40px;\n}\nbody .av-special-heading.av-m020ryqk-fe8410da2c0b82c3cd19d98631f00daa .av-special-heading-tag .heading-char{\nfont-size:25px;\n}\n#top #wrap_all .av-special-heading.av-m020ryqk-fe8410da2c0b82c3cd19d98631f00daa .av-special-heading-tag{\nfont-size:40px;\n}\n.av-special-heading.av-m020ryqk-fe8410da2c0b82c3cd19d98631f00daa .special-heading-inner-border{\nborder-color:#ffffff;\n}\n.av-special-heading.av-m020ryqk-fe8410da2c0b82c3cd19d98631f00daa .av-subheading{\nfont-size:23px;\n}\n\n@media only screen and (min-width: 480px) and (max-width: 767px){ \n#top #wrap_all .av-special-heading.av-m020ryqk-fe8410da2c0b82c3cd19d98631f00daa .av-special-heading-tag{\nfont-size:0.8em;\n}\n}\n\n@media only screen and (max-width: 479px){ \n#top #wrap_all .av-special-heading.av-m020ryqk-fe8410da2c0b82c3cd19d98631f00daa .av-special-heading-tag{\nfont-size:0.8em;\n}\n}\n<\/style>\n<div  class='av-special-heading av-m020ryqk-fe8410da2c0b82c3cd19d98631f00daa av-special-heading-h1 custom-color-heading blockquote modern-quote modern-centered  avia-builder-el-1  avia-builder-el-no-sibling  av-thin-font av-inherit-size av-linked-heading'><h1 class='av-special-heading-tag '  itemprop=\"headline\"  >WIDEO <strong>DOMOFONY<\/strong> TORU\u0143<\/h1><div class=\"special-heading-border\"><div class=\"special-heading-inner-border\"><\/div><\/div><\/div>\n<\/div><\/div><\/main><!-- close content main element --><\/div><div class='av-extra-border-element border-extra-diagonal border-extra-diagonal-inverse '><div class='av-extra-border-outer'><div class='av-extra-border-inner'><\/div><\/div><\/div><\/div><\/div><div id='av-layout-grid-1'  class='av-layout-grid-container av-p09wz-194afd7eeae8fcbc6739c4c36a705f96 entry-content-wrapper main_color av-flex-cells  avia-builder-el-2  el_after_av_section  el_before_av_button_big  grid-row-not-first  container_wrap sidebar_right'  >\n\n<style type=\"text\/css\" data-created_by=\"avia_inline_auto\" id=\"style-css-av-j2y4r-00caadfb407737e872c58b0098cd775d\">\n.flex_cell.av-j2y4r-00caadfb407737e872c58b0098cd775d{\nvertical-align:top;\nbackground-color:#ffffff;\n}\n.responsive #top #wrap_all .flex_cell.av-j2y4r-00caadfb407737e872c58b0098cd775d{\npadding:0px 0px 0px 0px !important;\n}\n<\/style>\n<div class='flex_cell av-j2y4r-00caadfb407737e872c58b0098cd775d av-gridrow-cell av_two_fifth no_margin  avia-builder-el-3  el_before_av_cell_three_fifth  avia-builder-el-first  av-zero-padding avia-full-stretch'  ><div class='flex_cell_inner'>\n<style type=\"text\/css\" data-created_by=\"avia_inline_auto\" id=\"style-css-av-m020yddh-5536a20cd2fa17969fbb26bef63ea686\">\n.avia-image-container.av-m020yddh-5536a20cd2fa17969fbb26bef63ea686 img.avia_image{\nbox-shadow:none;\n}\n.avia-image-container.av-m020yddh-5536a20cd2fa17969fbb26bef63ea686 .av-image-caption-overlay-center{\ncolor:#ffffff;\n}\n<\/style>\n<div  class='avia-image-container av-m020yddh-5536a20cd2fa17969fbb26bef63ea686 av-styling- avia-align-center  avia-builder-el-4  avia-builder-el-no-sibling '   itemprop=\"image\" itemscope=\"itemscope\" itemtype=\"https:\/\/schema.org\/ImageObject\" ><div class=\"avia-image-container-inner\"><div class=\"avia-image-overlay-wrap\"><img decoding=\"async\" fetchpriority=\"high\" class='wp-image-252 avia-img-lazy-loading-not-252 avia_image ' src=\"https:\/\/instalacje-elnet.pl\/wp-content\/uploads\/2024\/08\/Videodomofony.png\" alt='' title='Videodomofony'  height=\"665\" width=\"732\"  itemprop=\"thumbnailUrl\" srcset=\"https:\/\/instalacje-elnet.pl\/wp-content\/uploads\/2024\/08\/Videodomofony.png 732w, https:\/\/instalacje-elnet.pl\/wp-content\/uploads\/2024\/08\/Videodomofony-300x273.png 300w, https:\/\/instalacje-elnet.pl\/wp-content\/uploads\/2024\/08\/Videodomofony-705x640.png 705w\" sizes=\"(max-width: 732px) 100vw, 732px\" \/><\/div><\/div><\/div>\n<\/div><\/div>\n<style type=\"text\/css\" data-created_by=\"avia_inline_auto\" id=\"style-css-av-fbvh7-027772c99d1c7985857dd34f9d226ab0\">\n.flex_cell.av-fbvh7-027772c99d1c7985857dd34f9d226ab0{\nvertical-align:top;\n}\n.responsive #top #wrap_all .flex_cell.av-fbvh7-027772c99d1c7985857dd34f9d226ab0{\npadding:50px 100px 50px 100px !important;\n}\n<\/style>\n<div class='flex_cell av-fbvh7-027772c99d1c7985857dd34f9d226ab0 av-gridrow-cell av_three_fifth no_margin  avia-builder-el-5  el_after_av_cell_two_fifth  avia-builder-el-last '  ><div class='flex_cell_inner'>\n<style type=\"text\/css\" data-created_by=\"avia_inline_auto\" id=\"style-css-av-m020yrgk-a48628ffdc1ed62bea30fd2364bf2c6a\">\n#top .av_textblock_section.av-m020yrgk-a48628ffdc1ed62bea30fd2364bf2c6a .avia_textblock{\nfont-size:20px;\n}\n<\/style>\n<section  class='av_textblock_section av-m020yrgk-a48628ffdc1ed62bea30fd2364bf2c6a '   itemscope=\"itemscope\" itemtype=\"https:\/\/schema.org\/CreativeWork\" ><div class='avia_textblock'  itemprop=\"text\" ><p><strong>NOWOCZESNE SYSTEMY BEZPIECZE\u0143STWA<\/strong><\/p>\n<p style=\"text-align: justify;\">Instalacja wideodomofon\u00f3w to kluczowy element zabezpieczenia Twojego domu lub firmy. EL-NET oferuje nowoczesne systemy, kt\u00f3re zapewniaj\u0105 nie tylko kontrol\u0119 dost\u0119pu, ale tak\u017ce dodatkowe funkcje, takie jak nagrywanie wideo, zdalne otwieranie bramy czy podgl\u0105d na \u017cywo z poziomu smartfona. Nasze wideodomofony charakteryzuj\u0105 si\u0119 wysok\u0105 jako\u015bci\u0105 obrazu, prostot\u0105 obs\u0142ugi oraz niezawodno\u015bci\u0105. Dzi\u0119ki profesjonalnej instalacji przez naszych do\u015bwiadczonych technik\u00f3w, mo\u017cesz cieszy\u0107 si\u0119 pe\u0142nym bezpiecze\u0144stwem i komfortem. Zaufaj EL-NET \u2013 ekspertom w dziedzinie system\u00f3w zabezpiecze\u0144 i nowoczesnych technologii. Sprawd\u017a nasze rozwi\u0105zania ju\u017c dzi\u015b!<\/p>\n<\/div><\/section>\n<\/div><\/div>\n<\/div><\/p>\n<div  class='avia-button-wrap avia-button-center  avia-builder-el-7  el_after_av_layout_row  avia-builder-el-last '>\n<style type=\"text\/css\" data-created_by=\"avia_inline_auto\" id=\"style-css-av-a7byj-7916321f2b0c7a0c4508ea00297a1615\">\n#top #wrap_all .avia-button.av-a7byj-7916321f2b0c7a0c4508ea00297a1615:hover{\nbackground-color:#2268aa;\ncolor:white;\ntransition:all 0.4s ease-in-out;\n}\n<\/style>\n<a href='' class='avia-color-theme-color avia-font-color-theme-color avia-button avia-button-fullwidth av-a7byj-7916321f2b0c7a0c4508ea00297a1615 avia-icon_select-yes-left-icon avia-color-theme-color'   aria-label=\"ZOBACZ WSZYSTKIE US\u0141UGI\"><span class='avia_button_icon avia_button_icon_left' aria-hidden='true' data-av_icon='\ue875' data-av_iconfont='entypo-fontello'><\/span><span class='avia_iconbox_title' >ZOBACZ WSZYSTKIE US\u0141UGI<\/span><\/a><\/div>\n","protected":false},"excerpt":{"rendered":"","protected":false},"author":1,"featured_media":0,"parent":229,"menu_order":0,"comment_status":"closed","ping_status":"closed","template":"","meta":{"footnotes":""},"class_list":["post-251","page","type-page","status-publish","hentry"],"yoast_head":"<!-- This site is optimized with the Yoast SEO plugin v23.6 - https:\/\/yoast.com\/wordpress\/plugins\/seo\/ -->\n<title>Monta\u017c\u00a0wideodomofon\u00f3w Toru\u0144 - ELNET<\/title>\n<meta name=\"description\" content=\"Instalacja wideodomofon\u00f3w to kluczowy element zabezpieczenia Twojego domu lub firmy. Zapraszamy do wsp\u00f3\u0142pracy.\" \/>\n<meta name=\"robots\" content=\"index, follow, max-snippet:-1, max-image-preview:large, max-video-preview:-1\" \/>\n<link rel=\"canonical\" href=\"https:\/\/instalacje-elnet.pl\/index.php\/oferta\/videodomofony\/\" \/>\n<meta property=\"og:locale\" content=\"pl_PL\" \/>\n<meta property=\"og:type\" content=\"article\" \/>\n<meta property=\"og:title\" content=\"Monta\u017c\u00a0wideodomofon\u00f3w Toru\u0144 - ELNET\" \/>\n<meta property=\"og:description\" content=\"Instalacja wideodomofon\u00f3w to kluczowy element zabezpieczenia Twojego domu lub firmy. Zapraszamy do wsp\u00f3\u0142pracy.\" \/>\n<meta property=\"og:url\" content=\"https:\/\/instalacje-elnet.pl\/index.php\/oferta\/videodomofony\/\" \/>\n<meta property=\"og:site_name\" content=\"EL-NET\" \/>\n<meta property=\"article:modified_time\" content=\"2024-08-30T08:03:32+00:00\" \/>\n<meta name=\"twitter:card\" content=\"summary_large_image\" \/>\n<meta name=\"twitter:label1\" content=\"Szacowany czas czytania\" \/>\n\t<meta name=\"twitter:data1\" content=\"1 minuta\" \/>\n<script type=\"application\/ld+json\" class=\"yoast-schema-graph\">{\"@context\":\"https:\/\/schema.org\",\"@graph\":[{\"@type\":\"WebPage\",\"@id\":\"https:\/\/instalacje-elnet.pl\/index.php\/oferta\/videodomofony\/\",\"url\":\"https:\/\/instalacje-elnet.pl\/index.php\/oferta\/videodomofony\/\",\"name\":\"Monta\u017c\u00a0wideodomofon\u00f3w Toru\u0144 - ELNET\",\"isPartOf\":{\"@id\":\"https:\/\/instalacje-elnet.pl\/#website\"},\"datePublished\":\"2024-08-20T06:06:06+00:00\",\"dateModified\":\"2024-08-30T08:03:32+00:00\",\"description\":\"Instalacja wideodomofon\u00f3w to kluczowy element zabezpieczenia Twojego domu lub firmy. Zapraszamy do wsp\u00f3\u0142pracy.\",\"breadcrumb\":{\"@id\":\"https:\/\/instalacje-elnet.pl\/index.php\/oferta\/videodomofony\/#breadcrumb\"},\"inLanguage\":\"pl-PL\",\"potentialAction\":[{\"@type\":\"ReadAction\",\"target\":[\"https:\/\/instalacje-elnet.pl\/index.php\/oferta\/videodomofony\/\"]}]},{\"@type\":\"BreadcrumbList\",\"@id\":\"https:\/\/instalacje-elnet.pl\/index.php\/oferta\/videodomofony\/#breadcrumb\",\"itemListElement\":[{\"@type\":\"ListItem\",\"position\":1,\"name\":\"Strona g\u0142\u00f3wna\",\"item\":\"https:\/\/instalacje-elnet.pl\/index.php\/instalacje-elektryczne\/\"},{\"@type\":\"ListItem\",\"position\":2,\"name\":\"Oferta\",\"item\":\"https:\/\/instalacje-elnet.pl\/index.php\/oferta\/\"},{\"@type\":\"ListItem\",\"position\":3,\"name\":\"Videodomofony\"}]},{\"@type\":\"WebSite\",\"@id\":\"https:\/\/instalacje-elnet.pl\/#website\",\"url\":\"https:\/\/instalacje-elnet.pl\/\",\"name\":\"EL-NET\",\"description\":\"Kolejna witryna oparta na WordPressie\",\"publisher\":{\"@id\":\"https:\/\/instalacje-elnet.pl\/#organization\"},\"potentialAction\":[{\"@type\":\"SearchAction\",\"target\":{\"@type\":\"EntryPoint\",\"urlTemplate\":\"https:\/\/instalacje-elnet.pl\/?s={search_term_string}\"},\"query-input\":{\"@type\":\"PropertyValueSpecification\",\"valueRequired\":true,\"valueName\":\"search_term_string\"}}],\"inLanguage\":\"pl-PL\"},{\"@type\":\"Organization\",\"@id\":\"https:\/\/instalacje-elnet.pl\/#organization\",\"name\":\"EL-NET\",\"url\":\"https:\/\/instalacje-elnet.pl\/\",\"logo\":{\"@type\":\"ImageObject\",\"inLanguage\":\"pl-PL\",\"@id\":\"https:\/\/instalacje-elnet.pl\/#\/schema\/logo\/image\/\",\"url\":\"http:\/\/instalacje-elnet.pl\/wp-content\/uploads\/2024\/07\/EL-NET-blue.png\",\"contentUrl\":\"http:\/\/instalacje-elnet.pl\/wp-content\/uploads\/2024\/07\/EL-NET-blue.png\",\"width\":340,\"height\":156,\"caption\":\"EL-NET\"},\"image\":{\"@id\":\"https:\/\/instalacje-elnet.pl\/#\/schema\/logo\/image\/\"}}]}<\/script>\n<!-- \/ Yoast SEO plugin. -->","yoast_head_json":{"title":"Monta\u017c\u00a0wideodomofon\u00f3w Toru\u0144 - ELNET","description":"Instalacja wideodomofon\u00f3w to kluczowy element zabezpieczenia Twojego domu lub firmy. Zapraszamy do wsp\u00f3\u0142pracy.","robots":{"index":"index","follow":"follow","max-snippet":"max-snippet:-1","max-image-preview":"max-image-preview:large","max-video-preview":"max-video-preview:-1"},"canonical":"https:\/\/instalacje-elnet.pl\/index.php\/oferta\/videodomofony\/","og_locale":"pl_PL","og_type":"article","og_title":"Monta\u017c\u00a0wideodomofon\u00f3w Toru\u0144 - ELNET","og_description":"Instalacja wideodomofon\u00f3w to kluczowy element zabezpieczenia Twojego domu lub firmy. Zapraszamy do wsp\u00f3\u0142pracy.","og_url":"https:\/\/instalacje-elnet.pl\/index.php\/oferta\/videodomofony\/","og_site_name":"EL-NET","article_modified_time":"2024-08-30T08:03:32+00:00","twitter_card":"summary_large_image","twitter_misc":{"Szacowany czas czytania":"1 minuta"},"schema":{"@context":"https:\/\/schema.org","@graph":[{"@type":"WebPage","@id":"https:\/\/instalacje-elnet.pl\/index.php\/oferta\/videodomofony\/","url":"https:\/\/instalacje-elnet.pl\/index.php\/oferta\/videodomofony\/","name":"Monta\u017c\u00a0wideodomofon\u00f3w Toru\u0144 - ELNET","isPartOf":{"@id":"https:\/\/instalacje-elnet.pl\/#website"},"datePublished":"2024-08-20T06:06:06+00:00","dateModified":"2024-08-30T08:03:32+00:00","description":"Instalacja wideodomofon\u00f3w to kluczowy element zabezpieczenia Twojego domu lub firmy. Zapraszamy do wsp\u00f3\u0142pracy.","breadcrumb":{"@id":"https:\/\/instalacje-elnet.pl\/index.php\/oferta\/videodomofony\/#breadcrumb"},"inLanguage":"pl-PL","potentialAction":[{"@type":"ReadAction","target":["https:\/\/instalacje-elnet.pl\/index.php\/oferta\/videodomofony\/"]}]},{"@type":"BreadcrumbList","@id":"https:\/\/instalacje-elnet.pl\/index.php\/oferta\/videodomofony\/#breadcrumb","itemListElement":[{"@type":"ListItem","position":1,"name":"Strona g\u0142\u00f3wna","item":"https:\/\/instalacje-elnet.pl\/index.php\/instalacje-elektryczne\/"},{"@type":"ListItem","position":2,"name":"Oferta","item":"https:\/\/instalacje-elnet.pl\/index.php\/oferta\/"},{"@type":"ListItem","position":3,"name":"Videodomofony"}]},{"@type":"WebSite","@id":"https:\/\/instalacje-elnet.pl\/#website","url":"https:\/\/instalacje-elnet.pl\/","name":"EL-NET","description":"Kolejna witryna oparta na WordPressie","publisher":{"@id":"https:\/\/instalacje-elnet.pl\/#organization"},"potentialAction":[{"@type":"SearchAction","target":{"@type":"EntryPoint","urlTemplate":"https:\/\/instalacje-elnet.pl\/?s={search_term_string}"},"query-input":{"@type":"PropertyValueSpecification","valueRequired":true,"valueName":"search_term_string"}}],"inLanguage":"pl-PL"},{"@type":"Organization","@id":"https:\/\/instalacje-elnet.pl\/#organization","name":"EL-NET","url":"https:\/\/instalacje-elnet.pl\/","logo":{"@type":"ImageObject","inLanguage":"pl-PL","@id":"https:\/\/instalacje-elnet.pl\/#\/schema\/logo\/image\/","url":"http:\/\/instalacje-elnet.pl\/wp-content\/uploads\/2024\/07\/EL-NET-blue.png","contentUrl":"http:\/\/instalacje-elnet.pl\/wp-content\/uploads\/2024\/07\/EL-NET-blue.png","width":340,"height":156,"caption":"EL-NET"},"image":{"@id":"https:\/\/instalacje-elnet.pl\/#\/schema\/logo\/image\/"}}]}},"_links":{"self":[{"href":"https:\/\/instalacje-elnet.pl\/index.php\/wp-json\/wp\/v2\/pages\/251","targetHints":{"allow":["GET"]}}],"collection":[{"href":"https:\/\/instalacje-elnet.pl\/index.php\/wp-json\/wp\/v2\/pages"}],"about":[{"href":"https:\/\/instalacje-elnet.pl\/index.php\/wp-json\/wp\/v2\/types\/page"}],"author":[{"embeddable":true,"href":"https:\/\/instalacje-elnet.pl\/index.php\/wp-json\/wp\/v2\/users\/1"}],"replies":[{"embeddable":true,"href":"https:\/\/instalacje-elnet.pl\/index.php\/wp-json\/wp\/v2\/comments?post=251"}],"version-history":[{"count":4,"href":"https:\/\/instalacje-elnet.pl\/index.php\/wp-json\/wp\/v2\/pages\/251\/revisions"}],"predecessor-version":[{"id":347,"href":"https:\/\/instalacje-elnet.pl\/index.php\/wp-json\/wp\/v2\/pages\/251\/revisions\/347"}],"up":[{"embeddable":true,"href":"https:\/\/instalacje-elnet.pl\/index.php\/wp-json\/wp\/v2\/pages\/229"}],"wp:attachment":[{"href":"https:\/\/instalacje-elnet.pl\/index.php\/wp-json\/wp\/v2\/media?parent=251"}],"curies":[{"name":"wp","href":"https:\/\/api.w.org\/{rel}","templated":true}]}}