{"id":262,"date":"2024-08-21T19:27:25","date_gmt":"2024-08-21T17:27:25","guid":{"rendered":"http:\/\/instalacje-elnet.pl\/?page_id=262"},"modified":"2024-08-30T10:03:16","modified_gmt":"2024-08-30T08:03:16","slug":"systemy-monitoringu","status":"publish","type":"page","link":"https:\/\/instalacje-elnet.pl\/index.php\/oferta\/systemy-monitoringu\/","title":{"rendered":"Systemy monitoringu"},"content":{"rendered":"\n<style type=\"text\/css\" data-created_by=\"avia_inline_auto\" id=\"style-css-av-w8h7i-1e5e0c3819611e568076f319daf110ac\">\n.avia-section.av-w8h7i-1e5e0c3819611e568076f319daf110ac{\nbackground-color:#002259;\nbackground-image:unset;\n}\n.avia-section.av-w8h7i-1e5e0c3819611e568076f319daf110ac .av-section-color-overlay{\nopacity:0.5;\nbackground-image:url(http:\/\/instalacje-elnet.pl\/wp-content\/uploads\/2024\/08\/EL-NET-bcg-cables-80.png);\nbackground-repeat:repeat;\n}\n.avia-section.av-w8h7i-1e5e0c3819611e568076f319daf110ac .av-extra-border-element .av-extra-border-inner{\nbackground-color:#ffffff;\n}\n<\/style>\n<div id='services'  class='avia-section av-w8h7i-1e5e0c3819611e568076f319daf110ac main_color avia-section-huge avia-no-border-styling  avia-builder-el-0  el_before_av_layout_row  avia-builder-el-first  avia-bg-style-fixed av-section-color-overlay-active av-minimum-height av-minimum-height-50 av-height-50  container_wrap sidebar_right'   data-av_minimum_height_pc='50' data-av_min_height_opt='50'><div class=\"av-section-color-overlay-wrap\"><div class=\"av-section-color-overlay\"><\/div><div class='container av-section-cont-open' ><main  role=\"main\" itemprop=\"mainContentOfPage\"  class='template-page content  av-content-small alpha units'><div class='post-entry post-entry-type-page post-entry-262'><div class='entry-content-wrapper clearfix'>\n\n<style type=\"text\/css\" data-created_by=\"avia_inline_auto\" id=\"style-css-av-m044nvhk-40e7d83cbb95c1b6424e8ecef852a9fa\">\n#top .av-special-heading.av-m044nvhk-40e7d83cbb95c1b6424e8ecef852a9fa{\nmargin:0 0 0.7em 0;\npadding-bottom:20px;\ncolor:#ffffff;\nfont-size:40px;\n}\nbody .av-special-heading.av-m044nvhk-40e7d83cbb95c1b6424e8ecef852a9fa .av-special-heading-tag .heading-char{\nfont-size:25px;\n}\n#top #wrap_all .av-special-heading.av-m044nvhk-40e7d83cbb95c1b6424e8ecef852a9fa .av-special-heading-tag{\nfont-size:40px;\n}\n.av-special-heading.av-m044nvhk-40e7d83cbb95c1b6424e8ecef852a9fa .special-heading-inner-border{\nborder-color:#ffffff;\n}\n.av-special-heading.av-m044nvhk-40e7d83cbb95c1b6424e8ecef852a9fa .av-subheading{\nfont-size:23px;\n}\n\n@media only screen and (min-width: 480px) and (max-width: 767px){ \n#top #wrap_all .av-special-heading.av-m044nvhk-40e7d83cbb95c1b6424e8ecef852a9fa .av-special-heading-tag{\nfont-size:0.8em;\n}\n}\n\n@media only screen and (max-width: 479px){ \n#top #wrap_all .av-special-heading.av-m044nvhk-40e7d83cbb95c1b6424e8ecef852a9fa .av-special-heading-tag{\nfont-size:0.8em;\n}\n}\n<\/style>\n<div  class='av-special-heading av-m044nvhk-40e7d83cbb95c1b6424e8ecef852a9fa av-special-heading-h1 custom-color-heading blockquote modern-quote modern-centered  avia-builder-el-1  avia-builder-el-no-sibling  av-thin-font av-inherit-size av-linked-heading'><h1 class='av-special-heading-tag '  itemprop=\"headline\"  >SYSTEMY <strong>MONITORINGU<\/strong> TORU\u0143<\/h1><div class=\"special-heading-border\"><div class=\"special-heading-inner-border\"><\/div><\/div><\/div>\n<\/div><\/div><\/main><!-- close content main element --><\/div><div class='av-extra-border-element border-extra-diagonal border-extra-diagonal-inverse '><div class='av-extra-border-outer'><div class='av-extra-border-inner'><\/div><\/div><\/div><\/div><\/div><div id='av-layout-grid-1'  class='av-layout-grid-container av-ormyu-ff4c40d9c257c80d5213dbcad01e6412 entry-content-wrapper main_color av-flex-cells  avia-builder-el-2  el_after_av_section  el_before_av_button_big  grid-row-not-first  container_wrap sidebar_right'  >\n\n<style type=\"text\/css\" data-created_by=\"avia_inline_auto\" id=\"style-css-av-mrvmu-f5932b4de1b7d8bb60db41ec1446b8a8\">\n.flex_cell.av-mrvmu-f5932b4de1b7d8bb60db41ec1446b8a8{\nvertical-align:top;\nbackground-color:#ffffff;\n}\n.responsive #top #wrap_all .flex_cell.av-mrvmu-f5932b4de1b7d8bb60db41ec1446b8a8{\npadding:0px 0px 0px 0px !important;\n}\n<\/style>\n<div class='flex_cell av-mrvmu-f5932b4de1b7d8bb60db41ec1446b8a8 av-gridrow-cell av_two_fifth no_margin  avia-builder-el-3  el_before_av_cell_three_fifth  avia-builder-el-first  av-zero-padding avia-full-stretch'  ><div class='flex_cell_inner'>\n<style type=\"text\/css\" data-created_by=\"avia_inline_auto\" id=\"style-css-av-m044q0tq-28933f0253451823c3543dec2667de54\">\n.avia-image-container.av-m044q0tq-28933f0253451823c3543dec2667de54 img.avia_image{\nbox-shadow:none;\n}\n.avia-image-container.av-m044q0tq-28933f0253451823c3543dec2667de54 .av-image-caption-overlay-center{\ncolor:#ffffff;\n}\n<\/style>\n<div  class='avia-image-container av-m044q0tq-28933f0253451823c3543dec2667de54 av-styling- avia-align-center  avia-builder-el-4  avia-builder-el-no-sibling '   itemprop=\"image\" itemscope=\"itemscope\" itemtype=\"https:\/\/schema.org\/ImageObject\" ><div class=\"avia-image-container-inner\"><div class=\"avia-image-overlay-wrap\"><img decoding=\"async\" fetchpriority=\"high\" class='wp-image-263 avia-img-lazy-loading-not-263 avia_image ' src=\"https:\/\/instalacje-elnet.pl\/wp-content\/uploads\/2024\/08\/Monitoring.png\" alt='' title='Monitoring'  height=\"665\" width=\"732\"  itemprop=\"thumbnailUrl\" srcset=\"https:\/\/instalacje-elnet.pl\/wp-content\/uploads\/2024\/08\/Monitoring.png 732w, https:\/\/instalacje-elnet.pl\/wp-content\/uploads\/2024\/08\/Monitoring-300x273.png 300w, https:\/\/instalacje-elnet.pl\/wp-content\/uploads\/2024\/08\/Monitoring-705x640.png 705w\" sizes=\"(max-width: 732px) 100vw, 732px\" \/><\/div><\/div><\/div>\n<\/div><\/div>\n<style type=\"text\/css\" data-created_by=\"avia_inline_auto\" id=\"style-css-av-1je12-79bf4772d59653a92352020142075627\">\n.flex_cell.av-1je12-79bf4772d59653a92352020142075627{\nvertical-align:top;\n}\n.responsive #top #wrap_all .flex_cell.av-1je12-79bf4772d59653a92352020142075627{\npadding:50px 100px 50px 100px !important;\n}\n<\/style>\n<div class='flex_cell av-1je12-79bf4772d59653a92352020142075627 av-gridrow-cell av_three_fifth no_margin  avia-builder-el-5  el_after_av_cell_two_fifth  avia-builder-el-last '  ><div class='flex_cell_inner'>\n<style type=\"text\/css\" data-created_by=\"avia_inline_auto\" id=\"style-css-av-m044qohs-fe15d0d7f6f392cb351598bfdbbf4542\">\n#top .av_textblock_section.av-m044qohs-fe15d0d7f6f392cb351598bfdbbf4542 .avia_textblock{\nfont-size:20px;\n}\n<\/style>\n<section  class='av_textblock_section av-m044qohs-fe15d0d7f6f392cb351598bfdbbf4542 '   itemscope=\"itemscope\" itemtype=\"https:\/\/schema.org\/CreativeWork\" ><div class='avia_textblock'  itemprop=\"text\" ><p><strong>BEZPIECZE\u0143STWO DOMU I FIRMY<\/strong><\/p>\n<p style=\"text-align: justify;\">Firma EL-NET oferuje kompleksow\u0105 instalacj\u0119 nowoczesnych system\u00f3w monitoringu, kt\u00f3re zapewniaj\u0105 bezpiecze\u0144stwo Twojego domu, biura lub obiektu przemys\u0142owego. Nasze rozwi\u0105zania obejmuj\u0105 kamery o wysokiej rozdzielczo\u015bci, systemy zdalnego podgl\u0105du oraz rejestratory pozwalaj\u0105ce na d\u0142ugoterminowe przechowywanie nagra\u0144.<\/p>\n<p style=\"text-align: justify;\">Dzi\u0119ki zaawansowanej technologii i intuicyjnym interfejsom, nasi klienci mog\u0105 monitorowa\u0107 swoje obiekty w czasie rzeczywistym z dowolnego miejsca na \u015bwiecie. EL-NET zapewnia profesjonalne doradztwo, projektowanie i monta\u017c, dostosowane do indywidualnych potrzeb. Skontaktuj si\u0119 z nami, aby uzyska\u0107 niezawodne rozwi\u0105zania, kt\u00f3re zapewni\u0105 Ci pe\u0142n\u0105 kontrol\u0119 i spok\u00f3j ducha.<\/p>\n<\/div><\/section>\n<\/div><\/div>\n<\/div><\/p>\n<div  class='avia-button-wrap avia-button-center  avia-builder-el-7  el_after_av_layout_row  avia-builder-el-last '>\n<style type=\"text\/css\" data-created_by=\"avia_inline_auto\" id=\"style-css-av-6wod2-e7c07ee22c3d601486c01f11a9b30ff0\">\n#top #wrap_all .avia-button.av-6wod2-e7c07ee22c3d601486c01f11a9b30ff0:hover{\nbackground-color:#2268aa;\ncolor:white;\ntransition:all 0.4s ease-in-out;\n}\n<\/style>\n<a href='' class='avia-color-theme-color avia-font-color-theme-color avia-button avia-button-fullwidth av-6wod2-e7c07ee22c3d601486c01f11a9b30ff0 avia-icon_select-yes-left-icon avia-color-theme-color'   aria-label=\"ZOBACZ WSZYSTKIE US\u0141UGI\"><span class='avia_button_icon avia_button_icon_left' aria-hidden='true' data-av_icon='\ue875' data-av_iconfont='entypo-fontello'><\/span><span class='avia_iconbox_title' >ZOBACZ WSZYSTKIE US\u0141UGI<\/span><\/a><\/div>\n","protected":false},"excerpt":{"rendered":"","protected":false},"author":1,"featured_media":0,"parent":229,"menu_order":0,"comment_status":"closed","ping_status":"closed","template":"","meta":{"footnotes":""},"class_list":["post-262","page","type-page","status-publish","hentry"],"yoast_head":"<!-- This site is optimized with the Yoast SEO plugin v23.6 - https:\/\/yoast.com\/wordpress\/plugins\/seo\/ -->\n<title>Monta\u017c\u00a0monitoringu Toru\u0144 - ELNET<\/title>\n<meta name=\"description\" content=\"Firma EL-NET oferuje kompleksow\u0105 instalacj\u0119 nowoczesnych system\u00f3w monitoringu, kt\u00f3re zapewniaj\u0105 bezpiecze\u0144stwo Twojego domu,\" \/>\n<meta name=\"robots\" content=\"index, follow, max-snippet:-1, max-image-preview:large, max-video-preview:-1\" \/>\n<link rel=\"canonical\" href=\"https:\/\/instalacje-elnet.pl\/index.php\/oferta\/systemy-monitoringu\/\" \/>\n<meta property=\"og:locale\" content=\"pl_PL\" \/>\n<meta property=\"og:type\" content=\"article\" \/>\n<meta property=\"og:title\" content=\"Monta\u017c\u00a0monitoringu Toru\u0144 - ELNET\" \/>\n<meta property=\"og:description\" content=\"Firma EL-NET oferuje kompleksow\u0105 instalacj\u0119 nowoczesnych system\u00f3w monitoringu, kt\u00f3re zapewniaj\u0105 bezpiecze\u0144stwo Twojego domu,\" \/>\n<meta property=\"og:url\" content=\"https:\/\/instalacje-elnet.pl\/index.php\/oferta\/systemy-monitoringu\/\" \/>\n<meta property=\"og:site_name\" content=\"EL-NET\" \/>\n<meta property=\"article:modified_time\" content=\"2024-08-30T08:03:16+00:00\" \/>\n<meta name=\"twitter:card\" content=\"summary_large_image\" \/>\n<meta name=\"twitter:label1\" content=\"Szacowany czas czytania\" \/>\n\t<meta name=\"twitter:data1\" content=\"1 minuta\" \/>\n<script type=\"application\/ld+json\" class=\"yoast-schema-graph\">{\"@context\":\"https:\/\/schema.org\",\"@graph\":[{\"@type\":\"WebPage\",\"@id\":\"https:\/\/instalacje-elnet.pl\/index.php\/oferta\/systemy-monitoringu\/\",\"url\":\"https:\/\/instalacje-elnet.pl\/index.php\/oferta\/systemy-monitoringu\/\",\"name\":\"Monta\u017c\u00a0monitoringu Toru\u0144 - ELNET\",\"isPartOf\":{\"@id\":\"https:\/\/instalacje-elnet.pl\/#website\"},\"datePublished\":\"2024-08-21T17:27:25+00:00\",\"dateModified\":\"2024-08-30T08:03:16+00:00\",\"description\":\"Firma EL-NET oferuje kompleksow\u0105 instalacj\u0119 nowoczesnych system\u00f3w monitoringu, kt\u00f3re zapewniaj\u0105 bezpiecze\u0144stwo Twojego domu,\",\"breadcrumb\":{\"@id\":\"https:\/\/instalacje-elnet.pl\/index.php\/oferta\/systemy-monitoringu\/#breadcrumb\"},\"inLanguage\":\"pl-PL\",\"potentialAction\":[{\"@type\":\"ReadAction\",\"target\":[\"https:\/\/instalacje-elnet.pl\/index.php\/oferta\/systemy-monitoringu\/\"]}]},{\"@type\":\"BreadcrumbList\",\"@id\":\"https:\/\/instalacje-elnet.pl\/index.php\/oferta\/systemy-monitoringu\/#breadcrumb\",\"itemListElement\":[{\"@type\":\"ListItem\",\"position\":1,\"name\":\"Strona g\u0142\u00f3wna\",\"item\":\"https:\/\/instalacje-elnet.pl\/index.php\/instalacje-elektryczne\/\"},{\"@type\":\"ListItem\",\"position\":2,\"name\":\"Oferta\",\"item\":\"https:\/\/instalacje-elnet.pl\/index.php\/oferta\/\"},{\"@type\":\"ListItem\",\"position\":3,\"name\":\"Systemy monitoringu\"}]},{\"@type\":\"WebSite\",\"@id\":\"https:\/\/instalacje-elnet.pl\/#website\",\"url\":\"https:\/\/instalacje-elnet.pl\/\",\"name\":\"EL-NET\",\"description\":\"Kolejna witryna oparta na WordPressie\",\"publisher\":{\"@id\":\"https:\/\/instalacje-elnet.pl\/#organization\"},\"potentialAction\":[{\"@type\":\"SearchAction\",\"target\":{\"@type\":\"EntryPoint\",\"urlTemplate\":\"https:\/\/instalacje-elnet.pl\/?s={search_term_string}\"},\"query-input\":{\"@type\":\"PropertyValueSpecification\",\"valueRequired\":true,\"valueName\":\"search_term_string\"}}],\"inLanguage\":\"pl-PL\"},{\"@type\":\"Organization\",\"@id\":\"https:\/\/instalacje-elnet.pl\/#organization\",\"name\":\"EL-NET\",\"url\":\"https:\/\/instalacje-elnet.pl\/\",\"logo\":{\"@type\":\"ImageObject\",\"inLanguage\":\"pl-PL\",\"@id\":\"https:\/\/instalacje-elnet.pl\/#\/schema\/logo\/image\/\",\"url\":\"http:\/\/instalacje-elnet.pl\/wp-content\/uploads\/2024\/07\/EL-NET-blue.png\",\"contentUrl\":\"http:\/\/instalacje-elnet.pl\/wp-content\/uploads\/2024\/07\/EL-NET-blue.png\",\"width\":340,\"height\":156,\"caption\":\"EL-NET\"},\"image\":{\"@id\":\"https:\/\/instalacje-elnet.pl\/#\/schema\/logo\/image\/\"}}]}<\/script>\n<!-- \/ Yoast SEO plugin. -->","yoast_head_json":{"title":"Monta\u017c\u00a0monitoringu Toru\u0144 - ELNET","description":"Firma EL-NET oferuje kompleksow\u0105 instalacj\u0119 nowoczesnych system\u00f3w monitoringu, kt\u00f3re zapewniaj\u0105 bezpiecze\u0144stwo Twojego domu,","robots":{"index":"index","follow":"follow","max-snippet":"max-snippet:-1","max-image-preview":"max-image-preview:large","max-video-preview":"max-video-preview:-1"},"canonical":"https:\/\/instalacje-elnet.pl\/index.php\/oferta\/systemy-monitoringu\/","og_locale":"pl_PL","og_type":"article","og_title":"Monta\u017c\u00a0monitoringu Toru\u0144 - ELNET","og_description":"Firma EL-NET oferuje kompleksow\u0105 instalacj\u0119 nowoczesnych system\u00f3w monitoringu, kt\u00f3re zapewniaj\u0105 bezpiecze\u0144stwo Twojego domu,","og_url":"https:\/\/instalacje-elnet.pl\/index.php\/oferta\/systemy-monitoringu\/","og_site_name":"EL-NET","article_modified_time":"2024-08-30T08:03:16+00:00","twitter_card":"summary_large_image","twitter_misc":{"Szacowany czas czytania":"1 minuta"},"schema":{"@context":"https:\/\/schema.org","@graph":[{"@type":"WebPage","@id":"https:\/\/instalacje-elnet.pl\/index.php\/oferta\/systemy-monitoringu\/","url":"https:\/\/instalacje-elnet.pl\/index.php\/oferta\/systemy-monitoringu\/","name":"Monta\u017c\u00a0monitoringu Toru\u0144 - ELNET","isPartOf":{"@id":"https:\/\/instalacje-elnet.pl\/#website"},"datePublished":"2024-08-21T17:27:25+00:00","dateModified":"2024-08-30T08:03:16+00:00","description":"Firma EL-NET oferuje kompleksow\u0105 instalacj\u0119 nowoczesnych system\u00f3w monitoringu, kt\u00f3re zapewniaj\u0105 bezpiecze\u0144stwo Twojego domu,","breadcrumb":{"@id":"https:\/\/instalacje-elnet.pl\/index.php\/oferta\/systemy-monitoringu\/#breadcrumb"},"inLanguage":"pl-PL","potentialAction":[{"@type":"ReadAction","target":["https:\/\/instalacje-elnet.pl\/index.php\/oferta\/systemy-monitoringu\/"]}]},{"@type":"BreadcrumbList","@id":"https:\/\/instalacje-elnet.pl\/index.php\/oferta\/systemy-monitoringu\/#breadcrumb","itemListElement":[{"@type":"ListItem","position":1,"name":"Strona g\u0142\u00f3wna","item":"https:\/\/instalacje-elnet.pl\/index.php\/instalacje-elektryczne\/"},{"@type":"ListItem","position":2,"name":"Oferta","item":"https:\/\/instalacje-elnet.pl\/index.php\/oferta\/"},{"@type":"ListItem","position":3,"name":"Systemy monitoringu"}]},{"@type":"WebSite","@id":"https:\/\/instalacje-elnet.pl\/#website","url":"https:\/\/instalacje-elnet.pl\/","name":"EL-NET","description":"Kolejna witryna oparta na WordPressie","publisher":{"@id":"https:\/\/instalacje-elnet.pl\/#organization"},"potentialAction":[{"@type":"SearchAction","target":{"@type":"EntryPoint","urlTemplate":"https:\/\/instalacje-elnet.pl\/?s={search_term_string}"},"query-input":{"@type":"PropertyValueSpecification","valueRequired":true,"valueName":"search_term_string"}}],"inLanguage":"pl-PL"},{"@type":"Organization","@id":"https:\/\/instalacje-elnet.pl\/#organization","name":"EL-NET","url":"https:\/\/instalacje-elnet.pl\/","logo":{"@type":"ImageObject","inLanguage":"pl-PL","@id":"https:\/\/instalacje-elnet.pl\/#\/schema\/logo\/image\/","url":"http:\/\/instalacje-elnet.pl\/wp-content\/uploads\/2024\/07\/EL-NET-blue.png","contentUrl":"http:\/\/instalacje-elnet.pl\/wp-content\/uploads\/2024\/07\/EL-NET-blue.png","width":340,"height":156,"caption":"EL-NET"},"image":{"@id":"https:\/\/instalacje-elnet.pl\/#\/schema\/logo\/image\/"}}]}},"_links":{"self":[{"href":"https:\/\/instalacje-elnet.pl\/index.php\/wp-json\/wp\/v2\/pages\/262","targetHints":{"allow":["GET"]}}],"collection":[{"href":"https:\/\/instalacje-elnet.pl\/index.php\/wp-json\/wp\/v2\/pages"}],"about":[{"href":"https:\/\/instalacje-elnet.pl\/index.php\/wp-json\/wp\/v2\/types\/page"}],"author":[{"embeddable":true,"href":"https:\/\/instalacje-elnet.pl\/index.php\/wp-json\/wp\/v2\/users\/1"}],"replies":[{"embeddable":true,"href":"https:\/\/instalacje-elnet.pl\/index.php\/wp-json\/wp\/v2\/comments?post=262"}],"version-history":[{"count":3,"href":"https:\/\/instalacje-elnet.pl\/index.php\/wp-json\/wp\/v2\/pages\/262\/revisions"}],"predecessor-version":[{"id":345,"href":"https:\/\/instalacje-elnet.pl\/index.php\/wp-json\/wp\/v2\/pages\/262\/revisions\/345"}],"up":[{"embeddable":true,"href":"https:\/\/instalacje-elnet.pl\/index.php\/wp-json\/wp\/v2\/pages\/229"}],"wp:attachment":[{"href":"https:\/\/instalacje-elnet.pl\/index.php\/wp-json\/wp\/v2\/media?parent=262"}],"curies":[{"name":"wp","href":"https:\/\/api.w.org\/{rel}","templated":true}]}}