{"id":269,"date":"2024-08-22T15:25:44","date_gmt":"2024-08-22T13:25:44","guid":{"rendered":"http:\/\/instalacje-elnet.pl\/?page_id=269"},"modified":"2024-08-30T10:02:34","modified_gmt":"2024-08-30T08:02:34","slug":"modernizacja-instalacji","status":"publish","type":"page","link":"https:\/\/instalacje-elnet.pl\/index.php\/oferta\/modernizacja-instalacji\/","title":{"rendered":"Modernizacja instalacji"},"content":{"rendered":"\n<style type=\"text\/css\" data-created_by=\"avia_inline_auto\" id=\"style-css-av-xyyfx-d07912c774f1b51b9cc7b653c9278e06\">\n.avia-section.av-xyyfx-d07912c774f1b51b9cc7b653c9278e06{\nbackground-color:#002259;\nbackground-image:unset;\n}\n.avia-section.av-xyyfx-d07912c774f1b51b9cc7b653c9278e06 .av-section-color-overlay{\nopacity:0.5;\nbackground-image:url(http:\/\/instalacje-elnet.pl\/wp-content\/uploads\/2024\/08\/EL-NET-bcg-cables-80.png);\nbackground-repeat:repeat;\n}\n.avia-section.av-xyyfx-d07912c774f1b51b9cc7b653c9278e06 .av-extra-border-element .av-extra-border-inner{\nbackground-color:#ffffff;\n}\n<\/style>\n<div id='services'  class='avia-section av-xyyfx-d07912c774f1b51b9cc7b653c9278e06 main_color avia-section-huge avia-no-border-styling  avia-builder-el-0  el_before_av_layout_row  avia-builder-el-first  avia-bg-style-fixed av-section-color-overlay-active av-minimum-height av-minimum-height-50 av-height-50  container_wrap sidebar_right'   data-av_minimum_height_pc='50' data-av_min_height_opt='50'><div class=\"av-section-color-overlay-wrap\"><div class=\"av-section-color-overlay\"><\/div><div class='container av-section-cont-open' ><main  role=\"main\" itemprop=\"mainContentOfPage\"  class='template-page content  av-content-small alpha units'><div class='post-entry post-entry-type-page post-entry-269'><div class='entry-content-wrapper clearfix'>\n\n<style type=\"text\/css\" data-created_by=\"avia_inline_auto\" id=\"style-css-av-m05bgm2x-49313c72c6878ef59b51b1be182c0dc2\">\n#top .av-special-heading.av-m05bgm2x-49313c72c6878ef59b51b1be182c0dc2{\nmargin:0 0 0.7em 0;\npadding-bottom:20px;\ncolor:#ffffff;\nfont-size:40px;\n}\nbody .av-special-heading.av-m05bgm2x-49313c72c6878ef59b51b1be182c0dc2 .av-special-heading-tag .heading-char{\nfont-size:25px;\n}\n#top #wrap_all .av-special-heading.av-m05bgm2x-49313c72c6878ef59b51b1be182c0dc2 .av-special-heading-tag{\nfont-size:40px;\n}\n.av-special-heading.av-m05bgm2x-49313c72c6878ef59b51b1be182c0dc2 .special-heading-inner-border{\nborder-color:#ffffff;\n}\n.av-special-heading.av-m05bgm2x-49313c72c6878ef59b51b1be182c0dc2 .av-subheading{\nfont-size:23px;\n}\n\n@media only screen and (min-width: 480px) and (max-width: 767px){ \n#top #wrap_all .av-special-heading.av-m05bgm2x-49313c72c6878ef59b51b1be182c0dc2 .av-special-heading-tag{\nfont-size:0.8em;\n}\n}\n\n@media only screen and (max-width: 479px){ \n#top #wrap_all .av-special-heading.av-m05bgm2x-49313c72c6878ef59b51b1be182c0dc2 .av-special-heading-tag{\nfont-size:0.8em;\n}\n}\n<\/style>\n<div  class='av-special-heading av-m05bgm2x-49313c72c6878ef59b51b1be182c0dc2 av-special-heading-h1 custom-color-heading blockquote modern-quote modern-centered  avia-builder-el-1  avia-builder-el-no-sibling  av-thin-font av-inherit-size av-linked-heading'><h1 class='av-special-heading-tag '  itemprop=\"headline\"  >MODERNIZACJA <strong>INSTALACJI<\/strong> TORU\u0143<\/h1><div class=\"special-heading-border\"><div class=\"special-heading-inner-border\"><\/div><\/div><\/div>\n<\/div><\/div><\/main><!-- close content main element --><\/div><div class='av-extra-border-element border-extra-diagonal border-extra-diagonal-inverse '><div class='av-extra-border-outer'><div class='av-extra-border-inner'><\/div><\/div><\/div><\/div><\/div><div id='av-layout-grid-1'  class='av-layout-grid-container av-2lncl-20c6c69d3be91146389b802a7c32690b entry-content-wrapper main_color av-flex-cells  avia-builder-el-2  el_after_av_section  el_before_av_button_big  grid-row-not-first  container_wrap sidebar_right'  >\n\n<style type=\"text\/css\" data-created_by=\"avia_inline_auto\" id=\"style-css-av-mrg7h-bd7f800cfb60824a3fcac2497d0456db\">\n.flex_cell.av-mrg7h-bd7f800cfb60824a3fcac2497d0456db{\nvertical-align:top;\nbackground-color:#ffffff;\n}\n.responsive #top #wrap_all .flex_cell.av-mrg7h-bd7f800cfb60824a3fcac2497d0456db{\npadding:0px 0px 0px 0px !important;\n}\n<\/style>\n<div class='flex_cell av-mrg7h-bd7f800cfb60824a3fcac2497d0456db av-gridrow-cell av_two_fifth no_margin  avia-builder-el-3  el_before_av_cell_three_fifth  avia-builder-el-first  av-zero-padding avia-full-stretch'  ><div class='flex_cell_inner'>\n<style type=\"text\/css\" data-created_by=\"avia_inline_auto\" id=\"style-css-av-m05bik36-8825173ff4370240b3c1091f949d3e78\">\n.avia-image-container.av-m05bik36-8825173ff4370240b3c1091f949d3e78 img.avia_image{\nbox-shadow:none;\n}\n.avia-image-container.av-m05bik36-8825173ff4370240b3c1091f949d3e78 .av-image-caption-overlay-center{\ncolor:#ffffff;\n}\n<\/style>\n<div  class='avia-image-container av-m05bik36-8825173ff4370240b3c1091f949d3e78 av-styling- avia-align-center  avia-builder-el-4  avia-builder-el-no-sibling '   itemprop=\"image\" itemscope=\"itemscope\" itemtype=\"https:\/\/schema.org\/ImageObject\" ><div class=\"avia-image-container-inner\"><div class=\"avia-image-overlay-wrap\"><img decoding=\"async\" fetchpriority=\"high\" class='wp-image-270 avia-img-lazy-loading-not-270 avia_image ' src=\"https:\/\/instalacje-elnet.pl\/wp-content\/uploads\/2024\/08\/Modernizacja-instalacji.png\" alt='' title='Modernizacja instalacji'  height=\"665\" width=\"732\"  itemprop=\"thumbnailUrl\" srcset=\"https:\/\/instalacje-elnet.pl\/wp-content\/uploads\/2024\/08\/Modernizacja-instalacji.png 732w, https:\/\/instalacje-elnet.pl\/wp-content\/uploads\/2024\/08\/Modernizacja-instalacji-300x273.png 300w, https:\/\/instalacje-elnet.pl\/wp-content\/uploads\/2024\/08\/Modernizacja-instalacji-705x640.png 705w\" sizes=\"(max-width: 732px) 100vw, 732px\" \/><\/div><\/div><\/div>\n<\/div><\/div>\n<style type=\"text\/css\" data-created_by=\"avia_inline_auto\" id=\"style-css-av-d7kkt-d7265768564fa0e1162618824703deef\">\n.flex_cell.av-d7kkt-d7265768564fa0e1162618824703deef{\nvertical-align:top;\n}\n.responsive #top #wrap_all .flex_cell.av-d7kkt-d7265768564fa0e1162618824703deef{\npadding:50px 100px 50px 100px !important;\n}\n<\/style>\n<div class='flex_cell av-d7kkt-d7265768564fa0e1162618824703deef av-gridrow-cell av_three_fifth no_margin  avia-builder-el-5  el_after_av_cell_two_fifth  avia-builder-el-last '  ><div class='flex_cell_inner'>\n<style type=\"text\/css\" data-created_by=\"avia_inline_auto\" id=\"style-css-av-m05bjv6t-5c72196cfaf155bf181d4d0adcac085c\">\n#top .av_textblock_section.av-m05bjv6t-5c72196cfaf155bf181d4d0adcac085c .avia_textblock{\nfont-size:20px;\n}\n<\/style>\n<section  class='av_textblock_section av-m05bjv6t-5c72196cfaf155bf181d4d0adcac085c '   itemscope=\"itemscope\" itemtype=\"https:\/\/schema.org\/CreativeWork\" ><div class='avia_textblock'  itemprop=\"text\" ><p><strong>BEZPIECZNE I WYDAJNE ROZWI\u0104ZANIA<\/strong><\/p>\n<p style=\"text-align: justify;\">Oferujemy us\u0142ugi modernizacji instalacji elektrycznych, dostosowane do wsp\u00f3\u0142czesnych standard\u00f3w bezpiecze\u0144stwa i efektywno\u015bci energetycznej. Nasz do\u015bwiadczony zesp\u00f3\u0142 przeprowadza kompleksowe audyty istniej\u0105cych instalacji, identyfikuj\u0105c obszary wymagaj\u0105ce naprawy lub unowocze\u015bnienia.<\/p>\n<p style=\"text-align: justify;\">Modernizacja obejmuje wymian\u0119 przestarza\u0142ych przewod\u00f3w, zabezpiecze\u0144 oraz rozdzielnic, a tak\u017ce instalacj\u0119 nowoczesnych system\u00f3w o\u015bwietleniowych i automatyki domowej. Nasze dzia\u0142ania zwi\u0119kszaj\u0105 niezawodno\u015b\u0107 instalacji, obni\u017caj\u0105 koszty eksploatacji oraz minimalizuj\u0105 ryzyko awarii czy po\u017car\u00f3w. Zaufaj EL-NET, aby zapewni\u0107 sobie bezpieczn\u0105 i wydajn\u0105 instalacj\u0119 elektryczn\u0105, zgodn\u0105 z najnowszymi normami.<\/p>\n<\/div><\/section>\n<\/div><\/div>\n<\/div><\/p>\n<div  class='avia-button-wrap avia-button-center  avia-builder-el-7  el_after_av_layout_row  avia-builder-el-last '>\n<style type=\"text\/css\" data-created_by=\"avia_inline_auto\" id=\"style-css-av-a16it-f9c857fa85e5b8f4438a343a78920861\">\n#top #wrap_all .avia-button.av-a16it-f9c857fa85e5b8f4438a343a78920861:hover{\nbackground-color:#2268aa;\ncolor:white;\ntransition:all 0.4s ease-in-out;\n}\n<\/style>\n<a href='' class='avia-color-theme-color avia-font-color-theme-color avia-button avia-button-fullwidth av-a16it-f9c857fa85e5b8f4438a343a78920861 avia-icon_select-yes-left-icon avia-color-theme-color'   aria-label=\"ZOBACZ WSZYSTKIE US\u0141UGI\"><span class='avia_button_icon avia_button_icon_left' aria-hidden='true' data-av_icon='\ue875' data-av_iconfont='entypo-fontello'><\/span><span class='avia_iconbox_title' >ZOBACZ WSZYSTKIE US\u0141UGI<\/span><\/a><\/div>\n","protected":false},"excerpt":{"rendered":"","protected":false},"author":1,"featured_media":0,"parent":229,"menu_order":0,"comment_status":"closed","ping_status":"closed","template":"","meta":{"footnotes":""},"class_list":["post-269","page","type-page","status-publish","hentry"],"yoast_head":"<!-- This site is optimized with the Yoast SEO plugin v23.6 - https:\/\/yoast.com\/wordpress\/plugins\/seo\/ -->\n<title>Modernizacja instalacji elektrycznych Toru\u0144 - ELNET<\/title>\n<meta name=\"description\" content=\"Oferujemy us\u0142ugi modernizacji instalacji elektrycznych, dostosowane do wsp\u00f3\u0142czesnych standard\u00f3w bezpiecze\u0144stwa i efektywno\u015bci energetycznej.\" \/>\n<meta name=\"robots\" content=\"index, follow, max-snippet:-1, max-image-preview:large, max-video-preview:-1\" \/>\n<link rel=\"canonical\" href=\"https:\/\/instalacje-elnet.pl\/index.php\/oferta\/modernizacja-instalacji\/\" \/>\n<meta property=\"og:locale\" content=\"pl_PL\" \/>\n<meta property=\"og:type\" content=\"article\" \/>\n<meta property=\"og:title\" content=\"Modernizacja instalacji elektrycznych Toru\u0144 - ELNET\" \/>\n<meta property=\"og:description\" content=\"Oferujemy us\u0142ugi modernizacji instalacji elektrycznych, dostosowane do wsp\u00f3\u0142czesnych standard\u00f3w bezpiecze\u0144stwa i efektywno\u015bci energetycznej.\" \/>\n<meta property=\"og:url\" content=\"https:\/\/instalacje-elnet.pl\/index.php\/oferta\/modernizacja-instalacji\/\" \/>\n<meta property=\"og:site_name\" content=\"EL-NET\" \/>\n<meta property=\"article:modified_time\" content=\"2024-08-30T08:02:34+00:00\" \/>\n<meta name=\"twitter:card\" content=\"summary_large_image\" \/>\n<meta name=\"twitter:label1\" content=\"Szacowany czas czytania\" \/>\n\t<meta name=\"twitter:data1\" content=\"1 minuta\" \/>\n<script type=\"application\/ld+json\" class=\"yoast-schema-graph\">{\"@context\":\"https:\/\/schema.org\",\"@graph\":[{\"@type\":\"WebPage\",\"@id\":\"https:\/\/instalacje-elnet.pl\/index.php\/oferta\/modernizacja-instalacji\/\",\"url\":\"https:\/\/instalacje-elnet.pl\/index.php\/oferta\/modernizacja-instalacji\/\",\"name\":\"Modernizacja instalacji elektrycznych Toru\u0144 - ELNET\",\"isPartOf\":{\"@id\":\"https:\/\/instalacje-elnet.pl\/#website\"},\"datePublished\":\"2024-08-22T13:25:44+00:00\",\"dateModified\":\"2024-08-30T08:02:34+00:00\",\"description\":\"Oferujemy us\u0142ugi modernizacji instalacji elektrycznych, dostosowane do wsp\u00f3\u0142czesnych standard\u00f3w bezpiecze\u0144stwa i efektywno\u015bci energetycznej.\",\"breadcrumb\":{\"@id\":\"https:\/\/instalacje-elnet.pl\/index.php\/oferta\/modernizacja-instalacji\/#breadcrumb\"},\"inLanguage\":\"pl-PL\",\"potentialAction\":[{\"@type\":\"ReadAction\",\"target\":[\"https:\/\/instalacje-elnet.pl\/index.php\/oferta\/modernizacja-instalacji\/\"]}]},{\"@type\":\"BreadcrumbList\",\"@id\":\"https:\/\/instalacje-elnet.pl\/index.php\/oferta\/modernizacja-instalacji\/#breadcrumb\",\"itemListElement\":[{\"@type\":\"ListItem\",\"position\":1,\"name\":\"Strona g\u0142\u00f3wna\",\"item\":\"https:\/\/instalacje-elnet.pl\/index.php\/instalacje-elektryczne\/\"},{\"@type\":\"ListItem\",\"position\":2,\"name\":\"Oferta\",\"item\":\"https:\/\/instalacje-elnet.pl\/index.php\/oferta\/\"},{\"@type\":\"ListItem\",\"position\":3,\"name\":\"Modernizacja instalacji\"}]},{\"@type\":\"WebSite\",\"@id\":\"https:\/\/instalacje-elnet.pl\/#website\",\"url\":\"https:\/\/instalacje-elnet.pl\/\",\"name\":\"EL-NET\",\"description\":\"Kolejna witryna oparta na WordPressie\",\"publisher\":{\"@id\":\"https:\/\/instalacje-elnet.pl\/#organization\"},\"potentialAction\":[{\"@type\":\"SearchAction\",\"target\":{\"@type\":\"EntryPoint\",\"urlTemplate\":\"https:\/\/instalacje-elnet.pl\/?s={search_term_string}\"},\"query-input\":{\"@type\":\"PropertyValueSpecification\",\"valueRequired\":true,\"valueName\":\"search_term_string\"}}],\"inLanguage\":\"pl-PL\"},{\"@type\":\"Organization\",\"@id\":\"https:\/\/instalacje-elnet.pl\/#organization\",\"name\":\"EL-NET\",\"url\":\"https:\/\/instalacje-elnet.pl\/\",\"logo\":{\"@type\":\"ImageObject\",\"inLanguage\":\"pl-PL\",\"@id\":\"https:\/\/instalacje-elnet.pl\/#\/schema\/logo\/image\/\",\"url\":\"http:\/\/instalacje-elnet.pl\/wp-content\/uploads\/2024\/07\/EL-NET-blue.png\",\"contentUrl\":\"http:\/\/instalacje-elnet.pl\/wp-content\/uploads\/2024\/07\/EL-NET-blue.png\",\"width\":340,\"height\":156,\"caption\":\"EL-NET\"},\"image\":{\"@id\":\"https:\/\/instalacje-elnet.pl\/#\/schema\/logo\/image\/\"}}]}<\/script>\n<!-- \/ Yoast SEO plugin. -->","yoast_head_json":{"title":"Modernizacja instalacji elektrycznych Toru\u0144 - ELNET","description":"Oferujemy us\u0142ugi modernizacji instalacji elektrycznych, dostosowane do wsp\u00f3\u0142czesnych standard\u00f3w bezpiecze\u0144stwa i efektywno\u015bci energetycznej.","robots":{"index":"index","follow":"follow","max-snippet":"max-snippet:-1","max-image-preview":"max-image-preview:large","max-video-preview":"max-video-preview:-1"},"canonical":"https:\/\/instalacje-elnet.pl\/index.php\/oferta\/modernizacja-instalacji\/","og_locale":"pl_PL","og_type":"article","og_title":"Modernizacja instalacji elektrycznych Toru\u0144 - ELNET","og_description":"Oferujemy us\u0142ugi modernizacji instalacji elektrycznych, dostosowane do wsp\u00f3\u0142czesnych standard\u00f3w bezpiecze\u0144stwa i efektywno\u015bci energetycznej.","og_url":"https:\/\/instalacje-elnet.pl\/index.php\/oferta\/modernizacja-instalacji\/","og_site_name":"EL-NET","article_modified_time":"2024-08-30T08:02:34+00:00","twitter_card":"summary_large_image","twitter_misc":{"Szacowany czas czytania":"1 minuta"},"schema":{"@context":"https:\/\/schema.org","@graph":[{"@type":"WebPage","@id":"https:\/\/instalacje-elnet.pl\/index.php\/oferta\/modernizacja-instalacji\/","url":"https:\/\/instalacje-elnet.pl\/index.php\/oferta\/modernizacja-instalacji\/","name":"Modernizacja instalacji elektrycznych Toru\u0144 - ELNET","isPartOf":{"@id":"https:\/\/instalacje-elnet.pl\/#website"},"datePublished":"2024-08-22T13:25:44+00:00","dateModified":"2024-08-30T08:02:34+00:00","description":"Oferujemy us\u0142ugi modernizacji instalacji elektrycznych, dostosowane do wsp\u00f3\u0142czesnych standard\u00f3w bezpiecze\u0144stwa i efektywno\u015bci energetycznej.","breadcrumb":{"@id":"https:\/\/instalacje-elnet.pl\/index.php\/oferta\/modernizacja-instalacji\/#breadcrumb"},"inLanguage":"pl-PL","potentialAction":[{"@type":"ReadAction","target":["https:\/\/instalacje-elnet.pl\/index.php\/oferta\/modernizacja-instalacji\/"]}]},{"@type":"BreadcrumbList","@id":"https:\/\/instalacje-elnet.pl\/index.php\/oferta\/modernizacja-instalacji\/#breadcrumb","itemListElement":[{"@type":"ListItem","position":1,"name":"Strona g\u0142\u00f3wna","item":"https:\/\/instalacje-elnet.pl\/index.php\/instalacje-elektryczne\/"},{"@type":"ListItem","position":2,"name":"Oferta","item":"https:\/\/instalacje-elnet.pl\/index.php\/oferta\/"},{"@type":"ListItem","position":3,"name":"Modernizacja instalacji"}]},{"@type":"WebSite","@id":"https:\/\/instalacje-elnet.pl\/#website","url":"https:\/\/instalacje-elnet.pl\/","name":"EL-NET","description":"Kolejna witryna oparta na WordPressie","publisher":{"@id":"https:\/\/instalacje-elnet.pl\/#organization"},"potentialAction":[{"@type":"SearchAction","target":{"@type":"EntryPoint","urlTemplate":"https:\/\/instalacje-elnet.pl\/?s={search_term_string}"},"query-input":{"@type":"PropertyValueSpecification","valueRequired":true,"valueName":"search_term_string"}}],"inLanguage":"pl-PL"},{"@type":"Organization","@id":"https:\/\/instalacje-elnet.pl\/#organization","name":"EL-NET","url":"https:\/\/instalacje-elnet.pl\/","logo":{"@type":"ImageObject","inLanguage":"pl-PL","@id":"https:\/\/instalacje-elnet.pl\/#\/schema\/logo\/image\/","url":"http:\/\/instalacje-elnet.pl\/wp-content\/uploads\/2024\/07\/EL-NET-blue.png","contentUrl":"http:\/\/instalacje-elnet.pl\/wp-content\/uploads\/2024\/07\/EL-NET-blue.png","width":340,"height":156,"caption":"EL-NET"},"image":{"@id":"https:\/\/instalacje-elnet.pl\/#\/schema\/logo\/image\/"}}]}},"_links":{"self":[{"href":"https:\/\/instalacje-elnet.pl\/index.php\/wp-json\/wp\/v2\/pages\/269","targetHints":{"allow":["GET"]}}],"collection":[{"href":"https:\/\/instalacje-elnet.pl\/index.php\/wp-json\/wp\/v2\/pages"}],"about":[{"href":"https:\/\/instalacje-elnet.pl\/index.php\/wp-json\/wp\/v2\/types\/page"}],"author":[{"embeddable":true,"href":"https:\/\/instalacje-elnet.pl\/index.php\/wp-json\/wp\/v2\/users\/1"}],"replies":[{"embeddable":true,"href":"https:\/\/instalacje-elnet.pl\/index.php\/wp-json\/wp\/v2\/comments?post=269"}],"version-history":[{"count":4,"href":"https:\/\/instalacje-elnet.pl\/index.php\/wp-json\/wp\/v2\/pages\/269\/revisions"}],"predecessor-version":[{"id":340,"href":"https:\/\/instalacje-elnet.pl\/index.php\/wp-json\/wp\/v2\/pages\/269\/revisions\/340"}],"up":[{"embeddable":true,"href":"https:\/\/instalacje-elnet.pl\/index.php\/wp-json\/wp\/v2\/pages\/229"}],"wp:attachment":[{"href":"https:\/\/instalacje-elnet.pl\/index.php\/wp-json\/wp\/v2\/media?parent=269"}],"curies":[{"name":"wp","href":"https:\/\/api.w.org\/{rel}","templated":true}]}}