{"id":314,"date":"2024-08-29T11:11:51","date_gmt":"2024-08-29T09:11:51","guid":{"rendered":"http:\/\/instalacje-elnet.pl\/?page_id=314"},"modified":"2024-08-29T11:12:02","modified_gmt":"2024-08-29T09:12:02","slug":"regulamin-rodo","status":"publish","type":"page","link":"https:\/\/instalacje-elnet.pl\/index.php\/regulamin-rodo\/","title":{"rendered":"Regulamin RODO"},"content":{"rendered":"\n<style type=\"text\/css\" data-created_by=\"avia_inline_auto\" id=\"style-css-av-av_section-afeab849bb65d41dc756021600321c13\">\n.avia-section.av-av_section-afeab849bb65d41dc756021600321c13{\nbackground-color:#002259;\nbackground-image:url(https:\/\/instalacje-elnet.pl\/wp-content\/uploads\/2024\/08\/EL-NET-bcg-cables-80.png);\nbackground-repeat:no-repeat;\nbackground-position:50% 50%;\nbackground-attachment:fixed;\n}\n.avia-section.av-av_section-afeab849bb65d41dc756021600321c13 .av-section-color-overlay{\nopacity:0.5;\nbackground-color:#000d59;\n}\n<\/style>\n<div id='services'  class='avia-section av-av_section-afeab849bb65d41dc756021600321c13 main_color avia-section-huge avia-no-shadow  avia-builder-el-0  el_before_av_layout_row  avia-builder-el-first  avia-full-stretch avia-bg-style-fixed av-section-color-overlay-active av-minimum-height av-minimum-height-50 av-height-50  container_wrap sidebar_right'  data-section-bg-repeat='stretch' data-av_minimum_height_pc='50' data-av_min_height_opt='50'><div class=\"av-section-color-overlay-wrap\"><div class=\"av-section-color-overlay\"><\/div><div class='container av-section-cont-open' ><main  role=\"main\" itemprop=\"mainContentOfPage\"  class='template-page content  av-content-small alpha units'><div class='post-entry post-entry-type-page post-entry-314'><div class='entry-content-wrapper clearfix'>\n\n<style type=\"text\/css\" data-created_by=\"avia_inline_auto\" id=\"style-css-av-m0f2ijcn-256968aa3ff770aab2943251dfb42738\">\n#top .av-special-heading.av-m0f2ijcn-256968aa3ff770aab2943251dfb42738{\nmargin:0 0 0.7em 0;\npadding-bottom:20px;\ncolor:#ffffff;\nfont-size:40px;\n}\nbody .av-special-heading.av-m0f2ijcn-256968aa3ff770aab2943251dfb42738 .av-special-heading-tag .heading-char{\nfont-size:25px;\n}\n#top #wrap_all .av-special-heading.av-m0f2ijcn-256968aa3ff770aab2943251dfb42738 .av-special-heading-tag{\nfont-size:40px;\n}\n.av-special-heading.av-m0f2ijcn-256968aa3ff770aab2943251dfb42738 .special-heading-inner-border{\nborder-color:#ffffff;\n}\n.av-special-heading.av-m0f2ijcn-256968aa3ff770aab2943251dfb42738 .av-subheading{\nfont-size:23px;\n}\n\n@media only screen and (min-width: 480px) and (max-width: 767px){ \n#top #wrap_all .av-special-heading.av-m0f2ijcn-256968aa3ff770aab2943251dfb42738 .av-special-heading-tag{\nfont-size:0.8em;\n}\n}\n\n@media only screen and (max-width: 479px){ \n#top #wrap_all .av-special-heading.av-m0f2ijcn-256968aa3ff770aab2943251dfb42738 .av-special-heading-tag{\nfont-size:0.8em;\n}\n}\n<\/style>\n<div  class='av-special-heading av-m0f2ijcn-256968aa3ff770aab2943251dfb42738 av-special-heading-h3 custom-color-heading blockquote modern-quote modern-centered  avia-builder-el-1  avia-builder-el-no-sibling  av-thin-font av-inherit-size av-linked-heading'><h3 class='av-special-heading-tag '  itemprop=\"headline\"  ><strong>REGULAMIN RODOI<\/strong><\/h3><div class=\"special-heading-border\"><div class=\"special-heading-inner-border\"><\/div><\/div><\/div>\n<\/div><\/div><\/main><!-- close content main element --><\/div><\/div><\/div><div id='av-layout-grid-1'  class='av-layout-grid-container av-av_layout_row-274dc3145a402e6347d72dca546b0482 entry-content-wrapper main_color av-flex-cells  avia-builder-el-2  el_after_av_section  avia-builder-el-last  grid-row-not-first  container_wrap sidebar_right'  >\n\n<style type=\"text\/css\" data-created_by=\"avia_inline_auto\" id=\"style-css-av-av_cell_one_fifth-2d28a74f9168d6ceebf79562cc823951\">\n.flex_cell.av-av_cell_one_fifth-2d28a74f9168d6ceebf79562cc823951{\nvertical-align:top;\nbackground-color:#f2f2f2;\n}\n<\/style>\n<div class='flex_cell av-av_cell_one_fifth-2d28a74f9168d6ceebf79562cc823951 av-gridrow-cell av_one_fifth no_margin  avia-builder-el-3  el_before_av_cell_three_fifth  avia-builder-el-first '  ><div class='flex_cell_inner'><\/div><\/div>\n<style type=\"text\/css\" data-created_by=\"avia_inline_auto\" id=\"style-css-av-av_cell_three_fifth-eaedb42d09f090fac3d9acb44a0f7fd0\">\n.flex_cell.av-av_cell_three_fifth-eaedb42d09f090fac3d9acb44a0f7fd0{\nvertical-align:top;\n}\n.responsive #top #wrap_all .flex_cell.av-av_cell_three_fifth-eaedb42d09f090fac3d9acb44a0f7fd0{\npadding:100px 100px 100px 100px !important;\n}\n<\/style>\n<div class='flex_cell av-av_cell_three_fifth-eaedb42d09f090fac3d9acb44a0f7fd0 av-gridrow-cell av_three_fifth no_margin  avia-builder-el-4  el_after_av_cell_one_fifth  el_before_av_cell_one_fifth '  ><div class='flex_cell_inner'>\n<style type=\"text\/css\" data-created_by=\"avia_inline_auto\" id=\"style-css-av-m0f2kdtr-114032189b65e7303bf7a2190d927fbd\">\n#top .av_textblock_section.av-m0f2kdtr-114032189b65e7303bf7a2190d927fbd .avia_textblock{\nfont-size:20px;\n}\n<\/style>\n<section  class='av_textblock_section av-m0f2kdtr-114032189b65e7303bf7a2190d927fbd '   itemscope=\"itemscope\" itemtype=\"https:\/\/schema.org\/CreativeWork\" ><div class='avia_textblock'  itemprop=\"text\" ><p><strong>Pa\u0144stwa dane s\u0105 bezpieczne<\/strong><\/p>\n<p>Szanowni Pa\u0144stwo, w zwi\u0105zku z tym, \u017ce od 25 maja 2018r. ma zastosowanie Rozporz\u0105dzenie Parlamentu Europejskiego i Rady (UE) 2016\/679 z dnia 27 kwietnia 2016r. w sprawie ochrony os\u00f3b fizycznych w zwi\u0105zku z przetwarzaniem danych osobowych i w sprawie swobodnego przep\u0142ywu takich danych oraz uchylenia dyrektywy 95\/46\/WE (og\u00f3lne rozporz\u0105dzenie o ochronie danych), przekazujemy informacje dotycz\u0105ce Pa\u0144stwa danych osobowych.<\/p>\n<p><strong>Kto przetwarza Pa\u0144stwa dane?<\/strong><\/p>\n<p>Informujemy, \u017ce administratorem Pa\u0144stwa danych osobowych jest EL-NET, ul. Bolta 3A\/22, 87-100, Toru\u0144<\/p>\n<p><strong>W jakim celu dane s\u0105 przetwarzane?<\/strong><\/p>\n<p>Zgodnie z nowymi przepisami, uwzgl\u0119dniaj\u0105c potrzeb\u0119 zachowania kontaktu z Pa\u0144stwem informujemy, \u017ce dane przekazane przez Pa\u0144stwa pos\u0142u\u017c\u0105 nam w celu przedstawienia ofert handlowych i korespondencji biznesowej prowadzonej przez nasz\u0105 firm\u0119, a tak\u017ce w celu odpowiedzi na Pa\u0144stwa pytania w spos\u00f3b, na kt\u00f3ry zosta\u0142a wyra\u017cona takowa zgoda. Dla utrzymania relacji biznesowej dane zostan\u0105 przechowane bezterminowo. Podstaw\u0105 prawn\u0105 przetwarzania danych osobowych jest prawnie uzasadniony interes Firmy. Co do zasady, w naszej bazie przechowujemy imi\u0119 i nazwisko, nazwa firmy, adres, NIP, adres e-mail i numer telefonu.<\/p>\n<p><strong>Dost\u0119p i zarz\u0105dzanie danymi<\/strong><\/p>\n<p>Zgodnie z przepisami wskazanego Rozporz\u0105dzenia, przys\u0142uguje Pa\u0144stwu prawo do: \u017c\u0105dania dost\u0119pu do swoich danych osobowych, ich sprostowania, usuni\u0119cia lub ograniczenia przetwarzania, a tak\u017ce prawo do przenoszenia danych, cofni\u0119cia zgody na przetwarzanie danych w dowolnym momencie, wniesienia skargi do organu nadzorczego.<\/p>\n<p>W przypadku sprzeciwu przetwarzania danych i tym samym zaprzestania ich przetwarzania prosimy o przes\u0142anie takiej informacji w formie wiadomo\u015bci zwrotnej. Podkre\u015blamy, \u017ce Pa\u0144stwa dane s\u0105 u nas bezpiecznie. Jednocze\u015bnie informujemy, \u017ce przy braku Pa\u0144stwa sprzeciwu do tego czasu, EL-NET b\u0119dzie stale przechowywa\u0107 Pa\u0144stwa dane osobowe i korzysta\u0107 z nich w celu utrzymania relacji biznesowej i wysy\u0142ania korespondencji na zasadach nawi\u0105zuj\u0105cych do dotychczasowej wsp\u00f3\u0142pracy.<\/p>\n<\/div><\/section>\n<\/div><\/div>\n<style type=\"text\/css\" data-created_by=\"avia_inline_auto\" id=\"style-css-av-av_cell_one_fifth-2d28a74f9168d6ceebf79562cc823951\">\n.flex_cell.av-av_cell_one_fifth-2d28a74f9168d6ceebf79562cc823951{\nvertical-align:top;\nbackground-color:#f2f2f2;\n}\n<\/style>\n<div class='flex_cell av-av_cell_one_fifth-2d28a74f9168d6ceebf79562cc823951 av-gridrow-cell av_one_fifth no_margin  avia-builder-el-6  el_after_av_cell_three_fifth  avia-builder-el-last '  ><div class='flex_cell_inner'><\/div><\/div><\/div><\/p>\n","protected":false},"excerpt":{"rendered":"","protected":false},"author":1,"featured_media":0,"parent":0,"menu_order":0,"comment_status":"closed","ping_status":"closed","template":"","meta":{"footnotes":""},"class_list":["post-314","page","type-page","status-publish","hentry"],"yoast_head":"<!-- This site is optimized with the Yoast SEO plugin v23.6 - https:\/\/yoast.com\/wordpress\/plugins\/seo\/ -->\n<title>Regulamin RODO - EL-NET<\/title>\n<meta name=\"robots\" content=\"index, follow, max-snippet:-1, max-image-preview:large, max-video-preview:-1\" \/>\n<link rel=\"canonical\" href=\"https:\/\/instalacje-elnet.pl\/index.php\/regulamin-rodo\/\" \/>\n<meta property=\"og:locale\" content=\"pl_PL\" \/>\n<meta property=\"og:type\" content=\"article\" \/>\n<meta property=\"og:title\" content=\"Regulamin RODO - EL-NET\" \/>\n<meta property=\"og:url\" content=\"https:\/\/instalacje-elnet.pl\/index.php\/regulamin-rodo\/\" \/>\n<meta property=\"og:site_name\" content=\"EL-NET\" \/>\n<meta property=\"article:modified_time\" content=\"2024-08-29T09:12:02+00:00\" \/>\n<meta name=\"twitter:card\" content=\"summary_large_image\" \/>\n<meta name=\"twitter:label1\" content=\"Szacowany czas czytania\" \/>\n\t<meta name=\"twitter:data1\" content=\"7 minut\" \/>\n<script type=\"application\/ld+json\" class=\"yoast-schema-graph\">{\"@context\":\"https:\/\/schema.org\",\"@graph\":[{\"@type\":\"WebPage\",\"@id\":\"https:\/\/instalacje-elnet.pl\/index.php\/regulamin-rodo\/\",\"url\":\"https:\/\/instalacje-elnet.pl\/index.php\/regulamin-rodo\/\",\"name\":\"Regulamin RODO - EL-NET\",\"isPartOf\":{\"@id\":\"https:\/\/instalacje-elnet.pl\/#website\"},\"datePublished\":\"2024-08-29T09:11:51+00:00\",\"dateModified\":\"2024-08-29T09:12:02+00:00\",\"breadcrumb\":{\"@id\":\"https:\/\/instalacje-elnet.pl\/index.php\/regulamin-rodo\/#breadcrumb\"},\"inLanguage\":\"pl-PL\",\"potentialAction\":[{\"@type\":\"ReadAction\",\"target\":[\"https:\/\/instalacje-elnet.pl\/index.php\/regulamin-rodo\/\"]}]},{\"@type\":\"BreadcrumbList\",\"@id\":\"https:\/\/instalacje-elnet.pl\/index.php\/regulamin-rodo\/#breadcrumb\",\"itemListElement\":[{\"@type\":\"ListItem\",\"position\":1,\"name\":\"Strona g\u0142\u00f3wna\",\"item\":\"https:\/\/instalacje-elnet.pl\/index.php\/instalacje-elektryczne\/\"},{\"@type\":\"ListItem\",\"position\":2,\"name\":\"Regulamin RODO\"}]},{\"@type\":\"WebSite\",\"@id\":\"https:\/\/instalacje-elnet.pl\/#website\",\"url\":\"https:\/\/instalacje-elnet.pl\/\",\"name\":\"EL-NET\",\"description\":\"Kolejna witryna oparta na WordPressie\",\"publisher\":{\"@id\":\"https:\/\/instalacje-elnet.pl\/#organization\"},\"potentialAction\":[{\"@type\":\"SearchAction\",\"target\":{\"@type\":\"EntryPoint\",\"urlTemplate\":\"https:\/\/instalacje-elnet.pl\/?s={search_term_string}\"},\"query-input\":{\"@type\":\"PropertyValueSpecification\",\"valueRequired\":true,\"valueName\":\"search_term_string\"}}],\"inLanguage\":\"pl-PL\"},{\"@type\":\"Organization\",\"@id\":\"https:\/\/instalacje-elnet.pl\/#organization\",\"name\":\"EL-NET\",\"url\":\"https:\/\/instalacje-elnet.pl\/\",\"logo\":{\"@type\":\"ImageObject\",\"inLanguage\":\"pl-PL\",\"@id\":\"https:\/\/instalacje-elnet.pl\/#\/schema\/logo\/image\/\",\"url\":\"http:\/\/instalacje-elnet.pl\/wp-content\/uploads\/2024\/07\/EL-NET-blue.png\",\"contentUrl\":\"http:\/\/instalacje-elnet.pl\/wp-content\/uploads\/2024\/07\/EL-NET-blue.png\",\"width\":340,\"height\":156,\"caption\":\"EL-NET\"},\"image\":{\"@id\":\"https:\/\/instalacje-elnet.pl\/#\/schema\/logo\/image\/\"}}]}<\/script>\n<!-- \/ Yoast SEO plugin. -->","yoast_head_json":{"title":"Regulamin RODO - EL-NET","robots":{"index":"index","follow":"follow","max-snippet":"max-snippet:-1","max-image-preview":"max-image-preview:large","max-video-preview":"max-video-preview:-1"},"canonical":"https:\/\/instalacje-elnet.pl\/index.php\/regulamin-rodo\/","og_locale":"pl_PL","og_type":"article","og_title":"Regulamin RODO - EL-NET","og_url":"https:\/\/instalacje-elnet.pl\/index.php\/regulamin-rodo\/","og_site_name":"EL-NET","article_modified_time":"2024-08-29T09:12:02+00:00","twitter_card":"summary_large_image","twitter_misc":{"Szacowany czas czytania":"7 minut"},"schema":{"@context":"https:\/\/schema.org","@graph":[{"@type":"WebPage","@id":"https:\/\/instalacje-elnet.pl\/index.php\/regulamin-rodo\/","url":"https:\/\/instalacje-elnet.pl\/index.php\/regulamin-rodo\/","name":"Regulamin RODO - EL-NET","isPartOf":{"@id":"https:\/\/instalacje-elnet.pl\/#website"},"datePublished":"2024-08-29T09:11:51+00:00","dateModified":"2024-08-29T09:12:02+00:00","breadcrumb":{"@id":"https:\/\/instalacje-elnet.pl\/index.php\/regulamin-rodo\/#breadcrumb"},"inLanguage":"pl-PL","potentialAction":[{"@type":"ReadAction","target":["https:\/\/instalacje-elnet.pl\/index.php\/regulamin-rodo\/"]}]},{"@type":"BreadcrumbList","@id":"https:\/\/instalacje-elnet.pl\/index.php\/regulamin-rodo\/#breadcrumb","itemListElement":[{"@type":"ListItem","position":1,"name":"Strona g\u0142\u00f3wna","item":"https:\/\/instalacje-elnet.pl\/index.php\/instalacje-elektryczne\/"},{"@type":"ListItem","position":2,"name":"Regulamin RODO"}]},{"@type":"WebSite","@id":"https:\/\/instalacje-elnet.pl\/#website","url":"https:\/\/instalacje-elnet.pl\/","name":"EL-NET","description":"Kolejna witryna oparta na WordPressie","publisher":{"@id":"https:\/\/instalacje-elnet.pl\/#organization"},"potentialAction":[{"@type":"SearchAction","target":{"@type":"EntryPoint","urlTemplate":"https:\/\/instalacje-elnet.pl\/?s={search_term_string}"},"query-input":{"@type":"PropertyValueSpecification","valueRequired":true,"valueName":"search_term_string"}}],"inLanguage":"pl-PL"},{"@type":"Organization","@id":"https:\/\/instalacje-elnet.pl\/#organization","name":"EL-NET","url":"https:\/\/instalacje-elnet.pl\/","logo":{"@type":"ImageObject","inLanguage":"pl-PL","@id":"https:\/\/instalacje-elnet.pl\/#\/schema\/logo\/image\/","url":"http:\/\/instalacje-elnet.pl\/wp-content\/uploads\/2024\/07\/EL-NET-blue.png","contentUrl":"http:\/\/instalacje-elnet.pl\/wp-content\/uploads\/2024\/07\/EL-NET-blue.png","width":340,"height":156,"caption":"EL-NET"},"image":{"@id":"https:\/\/instalacje-elnet.pl\/#\/schema\/logo\/image\/"}}]}},"_links":{"self":[{"href":"https:\/\/instalacje-elnet.pl\/index.php\/wp-json\/wp\/v2\/pages\/314","targetHints":{"allow":["GET"]}}],"collection":[{"href":"https:\/\/instalacje-elnet.pl\/index.php\/wp-json\/wp\/v2\/pages"}],"about":[{"href":"https:\/\/instalacje-elnet.pl\/index.php\/wp-json\/wp\/v2\/types\/page"}],"author":[{"embeddable":true,"href":"https:\/\/instalacje-elnet.pl\/index.php\/wp-json\/wp\/v2\/users\/1"}],"replies":[{"embeddable":true,"href":"https:\/\/instalacje-elnet.pl\/index.php\/wp-json\/wp\/v2\/comments?post=314"}],"version-history":[{"count":1,"href":"https:\/\/instalacje-elnet.pl\/index.php\/wp-json\/wp\/v2\/pages\/314\/revisions"}],"predecessor-version":[{"id":315,"href":"https:\/\/instalacje-elnet.pl\/index.php\/wp-json\/wp\/v2\/pages\/314\/revisions\/315"}],"wp:attachment":[{"href":"https:\/\/instalacje-elnet.pl\/index.php\/wp-json\/wp\/v2\/media?parent=314"}],"curies":[{"name":"wp","href":"https:\/\/api.w.org\/{rel}","templated":true}]}}